{"id":7824,"date":"2023-12-13T04:36:58","date_gmt":"2023-12-13T04:36:58","guid":{"rendered":"https:\/\/demo9.thuythu.vn\/diamond\/?post_type=product&#038;p=7652"},"modified":"2023-12-21T04:39:54","modified_gmt":"2023-12-21T04:39:54","slug":"vo-bong-tai-kim-cuong-lucas-3645","status":"publish","type":"product","link":"https:\/\/demo9.thuythu.vn\/diamond\/en\/san-pham\/vo-bong-tai-kim-cuong-lucas-3645\/","title":{"rendered":"V\u1ecf B\u00f4ng Tai Kim C\u01b0\u01a1ng Lucas &#8211; 3645"},"content":{"rendered":"<p>V\u1ecf B\u00f4ng Tai Kim C\u01b0\u01a1ng Lucas 3645<\/p>\n<p>Ki\u1ec3u d\u00e1ng: \u0110\u00e0i hoa<br \/>\nKi\u1ec3u kim c\u01b0\u01a1ng: Round<br \/>\nK\u00edch th\u01b0\u1edbc vi\u00ean ch\u1ee7: 4.50 mm<br \/>\nM\u00e0u: White Gold<br \/>\nCh\u1ea5t li\u1ec7u: 18K<br \/>\n\u2013 Gi\u00e1 ch\u01b0a bao g\u1ed3m vi\u00ean ch\u1ee7 v\u1edbi c\u00e1c th\u00f4ng s\u1ed1 ti\u00eau chu\u1ea9n.<br \/>\n\u2013 Gi\u00e1 s\u1ebd thay \u0111\u1ed5i tu\u1ef3 thu\u1ed9c v\u00e0o k\u00edch th\u01b0\u1edbc v\u00e0 y\u00eau c\u1ea7u ri\u00eang c\u1ee7a t\u1eebng kh\u00e1ch h\u00e0ng.<br \/>\n\u2013 S\u1ea3n ph\u1ea9m hi\u1ec7n c\u00f3 3 m\u00e0u: White Gold, Rose Gold, Yellow Gold.<\/p>\n","protected":false},"excerpt":{"rendered":"<p>V\u1ecf B\u00f4ng Tai Kim C\u01b0\u01a1ng Lucas 3645 Ki\u1ec3u d\u00e1ng: \u0110\u00e0i hoa Ki\u1ec3u kim c\u01b0\u01a1ng: Round K\u00edch th\u01b0\u1edbc vi\u00ean ch\u1ee7: 4.50 mm M\u00e0u: White Gold Ch\u1ea5t li\u1ec7u: 18K \u2013 Gi\u00e1 ch\u01b0a bao g\u1ed3m vi\u00ean ch\u1ee7 v\u1edbi c\u00e1c th\u00f4ng s\u1ed1 ti\u00eau chu\u1ea9n. \u2013 Gi\u00e1 s\u1ebd thay \u0111\u1ed5i tu\u1ef3 thu\u1ed9c v\u00e0o k\u00edch th\u01b0\u1edbc v\u00e0 y\u00eau c\u1ea7u ri\u00eang c\u1ee7a [&hellip;]<\/p>\n","protected":false},"featured_media":7642,"template":"","meta":{"inline_featured_image":false},"product_cat":[373,345],"product_tag":[],"lang":"en","translations":{"en":7824,"vi":7652},"pll_sync_post":[],"_links":{"self":[{"href":"https:\/\/demo9.thuythu.vn\/diamond\/wp-json\/wp\/v2\/product\/7824"}],"collection":[{"href":"https:\/\/demo9.thuythu.vn\/diamond\/wp-json\/wp\/v2\/product"}],"about":[{"href":"https:\/\/demo9.thuythu.vn\/diamond\/wp-json\/wp\/v2\/types\/product"}],"wp:featuredmedia":[{"embeddable":true,"href":"https:\/\/demo9.thuythu.vn\/diamond\/wp-json\/wp\/v2\/media\/7642"}],"wp:attachment":[{"href":"https:\/\/demo9.thuythu.vn\/diamond\/wp-json\/wp\/v2\/media?parent=7824"}],"wp:term":[{"taxonomy":"product_cat","embeddable":true,"href":"https:\/\/demo9.thuythu.vn\/diamond\/wp-json\/wp\/v2\/product_cat?post=7824"},{"taxonomy":"product_tag","embeddable":true,"href":"https:\/\/demo9.thuythu.vn\/diamond\/wp-json\/wp\/v2\/product_tag?post=7824"}],"curies":[{"name":"wp","href":"https:\/\/api.w.org\/{rel}","templated":true}]}}