{"id":7671,"date":"2023-12-13T06:26:54","date_gmt":"2023-12-13T06:26:54","guid":{"rendered":"https:\/\/demo9.thuythu.vn\/diamond\/?post_type=product&#038;p=7671"},"modified":"2023-12-21T04:39:53","modified_gmt":"2023-12-21T04:39:53","slug":"vong-tay-vang-lucas-18k-4001","status":"publish","type":"product","link":"https:\/\/demo9.thuythu.vn\/diamond\/san-pham\/vong-tay-vang-lucas-18k-4001\/","title":{"rendered":"V\u00f2ng Tay V\u00e0ng Lucas 18K &#8211; 4001"},"content":{"rendered":"<p>V\u00f2ng Tay V\u00e0ng Lucas 4001<\/p>\n<p>Ki\u1ec3u d\u00e1ng: Lucas Diamond<br \/>\nM\u00e0u: Yellow Gold<br \/>\nCh\u1ea5t li\u1ec7u: 18K<br \/>\n\u2013 Gi\u00e1 s\u1ebd thay \u0111\u1ed5i tu\u1ef3 thu\u1ed9c v\u00e0o k\u00edch th\u01b0\u1edbc v\u00e0 y\u00eau c\u1ea7u ri\u00eang c\u1ee7a t\u1eebng kh\u00e1ch h\u00e0ng.<br \/>\n\u2013 S\u1ea3n ph\u1ea9m hi\u1ec7n c\u00f3 3 m\u00e0u: White Gold, Rose Gold, Yellow Gold.<\/p>\n","protected":false},"excerpt":{"rendered":"<p>V\u00f2ng Tay V\u00e0ng Lucas 4001 Ki\u1ec3u d\u00e1ng: Lucas Diamond M\u00e0u: Yellow Gold Ch\u1ea5t li\u1ec7u: 18K \u2013 Gi\u00e1 s\u1ebd thay \u0111\u1ed5i tu\u1ef3 thu\u1ed9c v\u00e0o k\u00edch th\u01b0\u1edbc v\u00e0 y\u00eau c\u1ea7u ri\u00eang c\u1ee7a t\u1eebng kh\u00e1ch h\u00e0ng. \u2013 S\u1ea3n ph\u1ea9m hi\u1ec7n c\u00f3 3 m\u00e0u: White Gold, Rose Gold, Yellow Gold.<\/p>\n","protected":false},"featured_media":7680,"template":"","meta":{"inline_featured_image":false},"product_cat":[300,294],"product_tag":[],"lang":"vi","translations":{"vi":7671,"en":7817},"pll_sync_post":[],"_links":{"self":[{"href":"https:\/\/demo9.thuythu.vn\/diamond\/wp-json\/wp\/v2\/product\/7671"}],"collection":[{"href":"https:\/\/demo9.thuythu.vn\/diamond\/wp-json\/wp\/v2\/product"}],"about":[{"href":"https:\/\/demo9.thuythu.vn\/diamond\/wp-json\/wp\/v2\/types\/product"}],"wp:featuredmedia":[{"embeddable":true,"href":"https:\/\/demo9.thuythu.vn\/diamond\/wp-json\/wp\/v2\/media\/7680"}],"wp:attachment":[{"href":"https:\/\/demo9.thuythu.vn\/diamond\/wp-json\/wp\/v2\/media?parent=7671"}],"wp:term":[{"taxonomy":"product_cat","embeddable":true,"href":"https:\/\/demo9.thuythu.vn\/diamond\/wp-json\/wp\/v2\/product_cat?post=7671"},{"taxonomy":"product_tag","embeddable":true,"href":"https:\/\/demo9.thuythu.vn\/diamond\/wp-json\/wp\/v2\/product_tag?post=7671"}],"curies":[{"name":"wp","href":"https:\/\/api.w.org\/{rel}","templated":true}]}}