{"id":7655,"date":"2023-12-13T04:42:14","date_gmt":"2023-12-13T04:42:14","guid":{"rendered":"https:\/\/demo9.thuythu.vn\/diamond\/?post_type=product&#038;p=7655"},"modified":"2023-12-21T04:39:54","modified_gmt":"2023-12-21T04:39:54","slug":"vo-mat-day-chuyen-kim-cuong-lucas-3866","status":"publish","type":"product","link":"https:\/\/demo9.thuythu.vn\/diamond\/san-pham\/vo-mat-day-chuyen-kim-cuong-lucas-3866\/","title":{"rendered":"V\u1ecf M\u1eb7t D\u00e2y Chuy\u1ec1n Kim C\u01b0\u01a1ng Lucas &#8211; 3866"},"content":{"rendered":"<p>V\u1ecf M\u1eb7t D\u00e2y Chuy\u1ec1n Kim C\u01b0\u01a1ng Lucas 3866<\/p>\n<p>Ki\u1ec3u d\u00e1ng:Th\u00e1nh gi\u00e1<br \/>\nKi\u1ec3u kim c\u01b0\u01a1ng: Baguette<br \/>\nM\u00e0u: White Gold<br \/>\nCh\u1ea5t li\u1ec7u: 18K<br \/>\n\u2013 Gi\u00e1 ch\u01b0a bao g\u1ed3m kim c\u01b0\u01a1ng v\u1edbi c\u00e1c th\u00f4ng s\u1ed1 ti\u00eau chu\u1ea9n.<br \/>\n\u2013 Gi\u00e1 s\u1ebd thay \u0111\u1ed5i tu\u1ef3 thu\u1ed9c v\u00e0o k\u00edch th\u01b0\u1edbc v\u00e0 y\u00eau c\u1ea7u ri\u00eang c\u1ee7a t\u1eebng kh\u00e1ch h\u00e0ng.<br \/>\n\u2013 S\u1ea3n ph\u1ea9m hi\u1ec7n c\u00f3 3 m\u00e0u: White Gold, Rose Gold, Yellow Gold.<\/p>\n","protected":false},"excerpt":{"rendered":"<p>V\u1ecf M\u1eb7t D\u00e2y Chuy\u1ec1n Kim C\u01b0\u01a1ng Lucas 3866 Ki\u1ec3u d\u00e1ng:Th\u00e1nh gi\u00e1 Ki\u1ec3u kim c\u01b0\u01a1ng: Baguette M\u00e0u: White Gold Ch\u1ea5t li\u1ec7u: 18K \u2013 Gi\u00e1 ch\u01b0a bao g\u1ed3m kim c\u01b0\u01a1ng v\u1edbi c\u00e1c th\u00f4ng s\u1ed1 ti\u00eau chu\u1ea9n. \u2013 Gi\u00e1 s\u1ebd thay \u0111\u1ed5i tu\u1ef3 thu\u1ed9c v\u00e0o k\u00edch th\u01b0\u1edbc v\u00e0 y\u00eau c\u1ea7u ri\u00eang c\u1ee7a t\u1eebng kh\u00e1ch h\u00e0ng. \u2013 S\u1ea3n ph\u1ea9m [&hellip;]<\/p>\n","protected":false},"featured_media":7641,"template":"","meta":{"inline_featured_image":false},"product_cat":[298,294],"product_tag":[],"lang":"vi","translations":{"vi":7655,"en":7823},"pll_sync_post":[],"_links":{"self":[{"href":"https:\/\/demo9.thuythu.vn\/diamond\/wp-json\/wp\/v2\/product\/7655"}],"collection":[{"href":"https:\/\/demo9.thuythu.vn\/diamond\/wp-json\/wp\/v2\/product"}],"about":[{"href":"https:\/\/demo9.thuythu.vn\/diamond\/wp-json\/wp\/v2\/types\/product"}],"wp:featuredmedia":[{"embeddable":true,"href":"https:\/\/demo9.thuythu.vn\/diamond\/wp-json\/wp\/v2\/media\/7641"}],"wp:attachment":[{"href":"https:\/\/demo9.thuythu.vn\/diamond\/wp-json\/wp\/v2\/media?parent=7655"}],"wp:term":[{"taxonomy":"product_cat","embeddable":true,"href":"https:\/\/demo9.thuythu.vn\/diamond\/wp-json\/wp\/v2\/product_cat?post=7655"},{"taxonomy":"product_tag","embeddable":true,"href":"https:\/\/demo9.thuythu.vn\/diamond\/wp-json\/wp\/v2\/product_tag?post=7655"}],"curies":[{"name":"wp","href":"https:\/\/api.w.org\/{rel}","templated":true}]}}