{"id":204,"date":"2023-08-25T08:10:16","date_gmt":"2023-08-25T08:10:16","guid":{"rendered":"https:\/\/demo9.thuythu.vn\/designmarket\/?page_id=204"},"modified":"2023-08-25T08:18:39","modified_gmt":"2023-08-25T08:18:39","slug":"du-an","status":"publish","type":"page","link":"https:\/\/demo9.thuythu.vn\/designmarket\/du-an\/","title":{"rendered":"D\u1ef1 \u00e1n"},"content":{"rendered":"<p>C\u00d9NG T\u00ccM HI\u1ec2U TH\u00caM V\u1ec0 NH\u1eeeNG \u00dd T\u01af\u1edeNG S\u00c1NG T\u1ea0O V\u00c0 C\u00c1CH THI\u1ebeT K\u1ebe T\u1ed0T GI\u00daP TH\u01af\u01a0NG HI\u1ec6U VI\u1ec6T CHUY\u1ec2N M\u00ccNH V\u00c0 T\u1ea0O RA NHI\u1ec0U C\u01a0 H\u1ed8I PH\u00c1T TRI\u1ec2N KINH DOANH T\u1ed0T H\u01a0N..<\/p>\n","protected":false},"excerpt":{"rendered":"<p>C\u00d9NG T\u00ccM HI\u1ec2U TH\u00caM V\u1ec0 NH\u1eeeNG \u00dd T\u01af\u1edeNG S\u00c1NG T\u1ea0O V\u00c0 C\u00c1CH THI\u1ebeT K\u1ebe T\u1ed0T GI\u00daP TH\u01af\u01a0NG HI\u1ec6U VI\u1ec6T CHUY\u1ec2N M\u00ccNH V\u00c0 T\u1ea0O RA NHI\u1ec0U C\u01a0 H\u1ed8I PH\u00c1T TRI\u1ec2N KINH DOANH T\u1ed0T H\u01a0N..<\/p>\n","protected":false},"author":1,"featured_media":0,"parent":0,"menu_order":0,"comment_status":"closed","ping_status":"closed","template":"templates\/project.php","meta":{"footnotes":""},"acf":[],"lang":false,"translations":[],"_links":{"self":[{"href":"https:\/\/demo9.thuythu.vn\/designmarket\/wp-json\/wp\/v2\/pages\/204"}],"collection":[{"href":"https:\/\/demo9.thuythu.vn\/designmarket\/wp-json\/wp\/v2\/pages"}],"about":[{"href":"https:\/\/demo9.thuythu.vn\/designmarket\/wp-json\/wp\/v2\/types\/page"}],"author":[{"embeddable":true,"href":"https:\/\/demo9.thuythu.vn\/designmarket\/wp-json\/wp\/v2\/users\/1"}],"replies":[{"embeddable":true,"href":"https:\/\/demo9.thuythu.vn\/designmarket\/wp-json\/wp\/v2\/comments?post=204"}],"version-history":[{"count":5,"href":"https:\/\/demo9.thuythu.vn\/designmarket\/wp-json\/wp\/v2\/pages\/204\/revisions"}],"predecessor-version":[{"id":213,"href":"https:\/\/demo9.thuythu.vn\/designmarket\/wp-json\/wp\/v2\/pages\/204\/revisions\/213"}],"wp:attachment":[{"href":"https:\/\/demo9.thuythu.vn\/designmarket\/wp-json\/wp\/v2\/media?parent=204"}],"curies":[{"name":"wp","href":"https:\/\/api.w.org\/{rel}","templated":true}]}}