{"id":3740,"date":"2023-09-15T21:08:13","date_gmt":"2023-09-15T14:08:13","guid":{"rendered":"https:\/\/demo9.thuythu.vn\/ckhr\/?page_id=2870"},"modified":"2024-01-04T10:01:46","modified_gmt":"2024-01-04T03:01:46","slug":"business-information","status":"publish","type":"page","link":"https:\/\/demo9.thuythu.vn\/ckhr\/en\/business-information\/","title":{"rendered":"Business information"},"content":{"rendered":"<h3><em><strong>CK HR Consulting tr\u00e2n tr\u1ecdng th\u00f4ng b\u00e1o m\u1eabu ho\u00e1 \u0111\u01a1n Gi\u00e1 tr\u1ecb gia t\u0103ng. \u00c1p d\u1ee5ng tr\u01b0\u1edbc ng\u00e0y 15\/8\/2023.<\/strong><\/em><\/h3>\n<p><img decoding=\"async\" loading=\"lazy\" class=\"aligncenter size-full wp-image-3128\" src=\"https:\/\/demo9.thuythu.vn\/ckhr\/wp-content\/uploads\/2023\/09\/THONG-BAO-PHAT-HANH-HOA-DON.jpg\" alt=\"\" width=\"2339\" height=\"1653\" srcset=\"https:\/\/demo9.thuythu.vn\/ckhr\/wp-content\/uploads\/2023\/09\/THONG-BAO-PHAT-HANH-HOA-DON.jpg 2339w, https:\/\/demo9.thuythu.vn\/ckhr\/wp-content\/uploads\/2023\/09\/THONG-BAO-PHAT-HANH-HOA-DON-300x212.jpg 300w, https:\/\/demo9.thuythu.vn\/ckhr\/wp-content\/uploads\/2023\/09\/THONG-BAO-PHAT-HANH-HOA-DON-768x543.jpg 768w\" sizes=\"(max-width: 2339px) 100vw, 2339px\" \/><\/p>\n<p><img decoding=\"async\" loading=\"lazy\" class=\"aligncenter size-full wp-image-3130\" src=\"https:\/\/demo9.thuythu.vn\/ckhr\/wp-content\/uploads\/2023\/09\/HOA-DON-MAU_2018.jpg\" alt=\"\" width=\"1653\" height=\"2339\" srcset=\"https:\/\/demo9.thuythu.vn\/ckhr\/wp-content\/uploads\/2023\/09\/HOA-DON-MAU_2018.jpg 1653w, https:\/\/demo9.thuythu.vn\/ckhr\/wp-content\/uploads\/2023\/09\/HOA-DON-MAU_2018-212x300.jpg 212w, https:\/\/demo9.thuythu.vn\/ckhr\/wp-content\/uploads\/2023\/09\/HOA-DON-MAU_2018-768x1087.jpg 768w\" sizes=\"(max-width: 1653px) 100vw, 1653px\" \/><\/p>\n<h3><em><strong>CK HR Consulting tr\u00e2n tr\u1ecdng th\u00f4ng b\u00e1o \u0111\u1ebfn Qu\u00fd kh\u00e1ch h\u00e0ng Gi\u1ea5y ph\u00e9p ho\u1ea1t \u0111\u1ed9ng d\u1ecbch v\u1ee5 vi\u1ec7c l\u00e0m:<\/strong><\/em><\/h3>\n<p><img decoding=\"async\" loading=\"lazy\" class=\"aligncenter size-full wp-image-3131\" src=\"https:\/\/demo9.thuythu.vn\/ckhr\/wp-content\/uploads\/2023\/09\/00.-GP-HOAT-DONG-DVVL.jpg\" alt=\"\" width=\"1653\" height=\"2339\" srcset=\"https:\/\/demo9.thuythu.vn\/ckhr\/wp-content\/uploads\/2023\/09\/00.-GP-HOAT-DONG-DVVL.jpg 1653w, https:\/\/demo9.thuythu.vn\/ckhr\/wp-content\/uploads\/2023\/09\/00.-GP-HOAT-DONG-DVVL-212x300.jpg 212w, https:\/\/demo9.thuythu.vn\/ckhr\/wp-content\/uploads\/2023\/09\/00.-GP-HOAT-DONG-DVVL-768x1087.jpg 768w\" sizes=\"(max-width: 1653px) 100vw, 1653px\" \/><\/p>\n<h3><em><strong>CK HR Consulting tr\u00e2n tr\u1ecdng th\u00f4ng b\u00e1o ph\u00e1t h\u00e0nh m\u1eabu ho\u00e1 \u0111\u01a1n Gi\u00e1 tr\u1ecb gia t\u0103ng m\u1edbi. \u00c1p d\u1ee5ng k\u1ec3 t\u1eeb ng\u00e0y 15\/8\/2023.<\/strong><\/em><\/h3>\n<p><img decoding=\"async\" loading=\"lazy\" class=\"aligncenter size-full wp-image-3358\" src=\"https:\/\/demo9.thuythu.vn\/ckhr\/wp-content\/uploads\/2023\/10\/Mau-hoa-don-dang-ky_15.08.2023_page-0001.jpg\" alt=\"\" width=\"1275\" height=\"1650\" srcset=\"https:\/\/demo9.thuythu.vn\/ckhr\/wp-content\/uploads\/2023\/10\/Mau-hoa-don-dang-ky_15.08.2023_page-0001.jpg 1275w, https:\/\/demo9.thuythu.vn\/ckhr\/wp-content\/uploads\/2023\/10\/Mau-hoa-don-dang-ky_15.08.2023_page-0001-232x300.jpg 232w, https:\/\/demo9.thuythu.vn\/ckhr\/wp-content\/uploads\/2023\/10\/Mau-hoa-don-dang-ky_15.08.2023_page-0001-768x994.jpg 768w\" sizes=\"(max-width: 1275px) 100vw, 1275px\" \/><\/p>\n","protected":false},"excerpt":{"rendered":"<p>CK HR Consulting tr\u00e2n tr\u1ecdng th\u00f4ng b\u00e1o m\u1eabu ho\u00e1 \u0111\u01a1n Gi\u00e1 tr\u1ecb gia t\u0103ng. \u00c1p d\u1ee5ng tr\u01b0\u1edbc ng\u00e0y 15\/8\/2023. CK HR Consulting tr\u00e2n tr\u1ecdng th\u00f4ng b\u00e1o \u0111\u1ebfn Qu\u00fd kh\u00e1ch h\u00e0ng Gi\u1ea5y ph\u00e9p ho\u1ea1t \u0111\u1ed9ng d\u1ecbch v\u1ee5 vi\u1ec7c l\u00e0m: CK HR Consulting tr\u00e2n tr\u1ecdng th\u00f4ng b\u00e1o ph\u00e1t h\u00e0nh m\u1eabu ho\u00e1 \u0111\u01a1n Gi\u00e1 tr\u1ecb gia t\u0103ng m\u1edbi. [&hellip;]<\/p>\n","protected":false},"author":2,"featured_media":0,"parent":0,"menu_order":0,"comment_status":"closed","ping_status":"closed","template":"","meta":{"inline_featured_image":false,"footnotes":""},"acf":[],"lang":"en","translations":{"en":3740,"vi":2870},"pll_sync_post":[],"_links":{"self":[{"href":"https:\/\/demo9.thuythu.vn\/ckhr\/wp-json\/wp\/v2\/pages\/3740"}],"collection":[{"href":"https:\/\/demo9.thuythu.vn\/ckhr\/wp-json\/wp\/v2\/pages"}],"about":[{"href":"https:\/\/demo9.thuythu.vn\/ckhr\/wp-json\/wp\/v2\/types\/page"}],"author":[{"embeddable":true,"href":"https:\/\/demo9.thuythu.vn\/ckhr\/wp-json\/wp\/v2\/users\/2"}],"replies":[{"embeddable":true,"href":"https:\/\/demo9.thuythu.vn\/ckhr\/wp-json\/wp\/v2\/comments?post=3740"}],"version-history":[{"count":1,"href":"https:\/\/demo9.thuythu.vn\/ckhr\/wp-json\/wp\/v2\/pages\/3740\/revisions"}],"predecessor-version":[{"id":3765,"href":"https:\/\/demo9.thuythu.vn\/ckhr\/wp-json\/wp\/v2\/pages\/3740\/revisions\/3765"}],"wp:attachment":[{"href":"https:\/\/demo9.thuythu.vn\/ckhr\/wp-json\/wp\/v2\/media?parent=3740"}],"curies":[{"name":"wp","href":"https:\/\/api.w.org\/{rel}","templated":true}]}}