{"id":506,"date":"2024-08-07T08:52:24","date_gmt":"2024-08-07T08:52:24","guid":{"rendered":"https:\/\/demo9.thuythu.vn\/cityland\/?page_id=506"},"modified":"2024-08-27T15:49:42","modified_gmt":"2024-08-27T15:49:42","slug":"dich-vu-chung","status":"publish","type":"page","link":"https:\/\/demo9.thuythu.vn\/cityland\/dich-vu-chung\/","title":{"rendered":"D\u1ecbch v\u1ee5 chung"},"content":{"rendered":"\t<section class=\"section banner_page\" id=\"section_1274341352\">\n\t\t<div class=\"bg section-bg fill bg-fill bg-loaded bg-loaded\" >\n\n\t\t\t\n\t\t\t\n\t\t\t\n\n\t\t<\/div>\n\n\t\t\n\n\t\t<div class=\"section-content relative\">\n\t\t\t\n\n  <div class=\"banner has-hover has-parallax\" id=\"banner-246722389\">\n          <div class=\"banner-inner fill\">\n        <div class=\"banner-bg fill\" data-parallax=\"-3\" data-parallax-container=\".banner\" data-parallax-background>\n            <div class=\"bg fill bg-fill bg-loaded\"><\/div>\n                                    \n                    <\/div>\n\t\t\n        <div class=\"banner-layers container\">\n            <div class=\"fill banner-link\"><\/div>            \n   <div id=\"text-box-118287162\" class=\"text-box banner-layer x0 md-x0 lg-x0 y50 md-y50 lg-y50 res-text\">\n                                <div class=\"text-box-content text dark\">\n              \n              <div class=\"text-inner text-center\">\n                  \n\t<div id=\"text-3629808678\" class=\"text\">\n\t\t\n<h1>H\u1ed7 tr\u1ee3 kh\u00e1ch h\u00e0ng<\/h1>\n<p>Gi\u1ea3i \u0111\u00e1p th\u1eafc m\u1eafc cho kh\u00e1ch h\u00e0ng nhanh ch\u00f3ng.<\/p>\n\t\t\n<style>\n#text-3629808678 {\n  text-align: left;\n}\n<\/style>\n\t<\/div>\n\t\n              <\/div>\n           <\/div>\n                            \n<style>\n#text-box-118287162 {\n  width: 100%;\n}\n#text-box-118287162 .text-box-content {\n  font-size: 100%;\n}\n@media (min-width:550px) {\n  #text-box-118287162 {\n    width: 60%;\n  }\n}\n<\/style>\n    <\/div>\n \n        <\/div>\n      <\/div>\n\n              <div class=\"height-fix is-invisible\"><img loading=\"lazy\" decoding=\"async\" width=\"1920\" height=\"600\" src=\"https:\/\/demo9.thuythu.vn\/cityland\/wp-content\/uploads\/2024\/08\/Rectangle-848.jpg\" class=\"attachment-original size-original\" alt=\"\" srcset=\"https:\/\/demo9.thuythu.vn\/cityland\/wp-content\/uploads\/2024\/08\/Rectangle-848.jpg 1920w, https:\/\/demo9.thuythu.vn\/cityland\/wp-content\/uploads\/2024\/08\/Rectangle-848-800x250.jpg 800w, https:\/\/demo9.thuythu.vn\/cityland\/wp-content\/uploads\/2024\/08\/Rectangle-848-1400x438.jpg 1400w, https:\/\/demo9.thuythu.vn\/cityland\/wp-content\/uploads\/2024\/08\/Rectangle-848-768x240.jpg 768w, https:\/\/demo9.thuythu.vn\/cityland\/wp-content\/uploads\/2024\/08\/Rectangle-848-1536x480.jpg 1536w\" sizes=\"(max-width: 1920px) 100vw, 1920px\" \/><\/div>\n            \n<style>\n#banner-246722389 .bg.bg-loaded {\n  background-image: url(https:\/\/demo9.thuythu.vn\/cityland\/wp-content\/uploads\/2024\/08\/Rectangle-848.jpg);\n}\n<\/style>\n  <\/div>\n\n\n\t<div id=\"text-3727591546\" class=\"text breadcrumbs\">\n\t\t<section class=\"breadcrumbs\"><div class=\"row\"><div class=\"col-xl-12\"><div id=\"breadcrumb\" class=\"navigation\"><nav class=\"breadcrumb\"><ul><li class=\"list_br\"><a title=\"Home\" itemprop=\"url\" href=\"https:\/\/demo9.thuythu.vn\/cityland\"><cite itemprop=\"title\"><svg xmlns=\"http:\/\/www.w3.org\/2000\/svg\" width=\"20\" height=\"20\" viewBox=\"0 0 20 20\" fill=\"none\">\r\n  <path d=\"M11.8745 16.2491V12.4991C11.8745 12.3333 11.8087 12.1743 11.6915 12.0571C11.5743 11.9399 11.4153 11.8741 11.2495 11.8741H8.74954C8.58378 11.8741 8.42481 11.9399 8.3076 12.0571C8.19039 12.1743 8.12454 12.3333 8.12454 12.4991V16.2491C8.12454 16.4149 8.0587 16.5738 7.94151 16.691C7.82432 16.8083 7.66537 16.8741 7.49962 16.8741L3.75008 16.8746C3.668 16.8746 3.58671 16.8585 3.51088 16.8271C3.43504 16.7957 3.36613 16.7496 3.30809 16.6916C3.25004 16.6336 3.204 16.5647 3.17258 16.4888C3.14117 16.413 3.125 16.3317 3.125 16.2496V9.02615C3.125 8.93908 3.14319 8.85297 3.17842 8.77333C3.21364 8.6937 3.26511 8.62231 3.32954 8.56373L9.57911 2.88132C9.69415 2.77672 9.84406 2.71876 9.99955 2.71875C10.155 2.71874 10.3049 2.7767 10.42 2.8813L16.6704 8.56373C16.7349 8.6223 16.7863 8.6937 16.8216 8.77334C16.8568 8.85298 16.875 8.9391 16.875 9.02618V16.2496C16.875 16.3317 16.8588 16.413 16.8274 16.4888C16.796 16.5647 16.75 16.6336 16.6919 16.6916C16.6339 16.7496 16.565 16.7957 16.4891 16.8271C16.4133 16.8585 16.332 16.8746 16.2499 16.8746L12.4995 16.8741C12.3337 16.8741 12.1748 16.8083 12.0576 16.691C11.9404 16.5738 11.8745 16.4149 11.8745 16.2491V16.2491Z\" stroke=\"white\" stroke-width=\"1.5\" stroke-linecap=\"round\" stroke-linejoin=\"round\"\/>\r\n<\/svg><\/cite><\/a><\/li><span class=\"divider\"><svg xmlns=\"http:\/\/www.w3.org\/2000\/svg\" width=\"12\" height=\"12\" viewBox=\"0 0 12 12\" fill=\"none\">\r\n  <path d=\"M4.5 2.25L8.25 6L4.5 9.75\" stroke=\"white\" stroke-linecap=\"round\" stroke-linejoin=\"round\"\/>\r\n<\/svg><\/span><\/ul><\/nav><\/div><\/div><\/div><\/section>\n\n\t\t\t<\/div>\n\t\n\t\t<\/div>\n\n\t\t\n<style>\n#section_1274341352 {\n  padding-top: 0px;\n  padding-bottom: 0px;\n}\n<\/style>\n\t<\/section>\n\t\n\t<section class=\"section support_sec_2\" id=\"section_1298965251\">\n\t\t<div class=\"bg section-bg fill bg-fill bg-loaded bg-loaded\" >\n\n\t\t\t\n\t\t\t\n\t\t\t\n\n\t\t<\/div>\n\n\t\t\n\n\t\t<div class=\"section-content relative\">\n\t\t\t\n<div class=\"row\"  id=\"row-1783027523\">\n\n\t<div id=\"col-1745107411\" class=\"col medium-4 small-12 large-4\"  >\n\t\t\t\t<div class=\"col-inner\"  >\n\t\t\t\n\t\t\t<div class=\"menu_support\"><ul id=\"menu-menu-ho-tro\" class=\"menu\"><li class=\" menu-item menu-item-type-post_type menu-item-object-page\"><a href=\"https:\/\/demo9.thuythu.vn\/cityland\/dich-vu-chung\/\" data-id=\"506\">D\u1ecbch v\u1ee5 chung<\/a><\/li>\n<li class=\" menu-item menu-item-type-post_type menu-item-object-page\"><a href=\"https:\/\/demo9.thuythu.vn\/cityland\/tien-ich-gia-dinh\/\" data-id=\"516\">Ti\u1ec7n \u00edch gia \u0111\u00ecnh<\/a><\/li>\n<li class=\" menu-item menu-item-type-post_type menu-item-object-page\"><a href=\"https:\/\/demo9.thuythu.vn\/cityland\/hoat-dong-va-su-kien-cong-dong\/\" data-id=\"518\">Ho\u1ea1t \u0111\u1ed9ng v\u00e0 s\u1ef1 ki\u1ec7n c\u1ed9ng \u0111\u1ed3ng<\/a><\/li>\n<li class=\" menu-item menu-item-type-post_type menu-item-object-page\"><a href=\"https:\/\/demo9.thuythu.vn\/cityland\/cau-hoi-thuong-gap-faq\/\" data-id=\"524\">C\u00e2u h\u1ecfi th\u01b0\u1eddng g\u1eb7p \u2013 FAQ<\/a><\/li>\n<li class=\" menu-item menu-item-type-post_type menu-item-object-page\"><a href=\"https:\/\/demo9.thuythu.vn\/cityland\/ho-tro-dich-vu\/\" data-id=\"520\">C\u00e1c D\u1ecbch v\u1ee5 Th\u01b0\u01a1ng m\u1ea1i xung quanh<\/a><\/li>\n<\/ul><\/div>\n\n\t\t<\/div>\n\t\t\t\t\t<\/div>\n\n\t\n\n\t<div id=\"col-376994920\" class=\"col medium-8 small-12 large-8\"  >\n\t\t\t\t<div class=\"col-inner\"  >\n\t\t\t\n\t\t\t\n<div class=\"tab_support\">\n\t<div id=\"stack-3476550126\" class=\"stack box_content stack-col justify-start items-stretch\">\n\t\t\n\n<div class=\"container section-title-container\" ><h2 class=\"section-title section-title-normal\"><b><\/b><span class=\"section-title-main\" >D\u1ecbch v\u1ee5 chung<\/span><b><\/b><\/h2><\/div>\n\n\t<div id=\"text-2831390790\" class=\"text\">\n\t\t\n\n<h3>- B\u1ea3o v\u1ec7 24\/24<br \/>- V\u1ec7 sinh m\u00f4i tr\u01b0\u1eddng<br \/>- Ch\u0103m s\u00f3c c\u1ea3nh quan<br \/>- V\u1eadn h\u00e0nh k\u1ef9 thu\u1eadt chung<br \/>- Trung t\u00e2m ch\u0103m s\u00f3c kh\u00e1ch h\u00e0ng<br \/><br \/><\/h3>\n\t\t\t<\/div>\n\t\n\n\t\t\n<style>\n#stack-3476550126 > * {\n  --stack-gap: 0rem;\n}\n<\/style>\n\t<\/div>\n\t\n\t<div id=\"stack-4178740752\" class=\"stack box_content stack-col justify-start items-stretch\">\n\t\t\n\n<div class=\"container section-title-container\" ><h2 class=\"section-title section-title-normal\"><b><\/b><span class=\"section-title-main\" >Ti\u1ec7n \u00edch gia \u0111\u00ecnh<\/span><b><\/b><\/h2><\/div>\n\n\t<div id=\"text-2270523\" class=\"text\">\n\t\t\n\n<h3>- Tra c\u1ee9u th\u00f4ng tin ph\u00ed<br \/>-\u00a0 V\u1ec7 sinh trong nh\u00e0<br \/>- X\u1eed l\u00fd c\u00f4n tr\u00f9ng trong nh\u00e0<br \/>- D\u1ecbch v\u1ee5 qu\u1ea3n gia<br \/>- S\u1eeda ch\u1eefa k\u1ef9 thu\u1eadt thi\u1ebft b\u1ecb gia \u0111\u00ecnh<br \/>- D\u1ecbch v\u1ee5 b\u00e3i xe 24\/24<br \/>- T\u01b0 v\u1ea5n v\u00e0 qu\u1ea3n l\u00fd cho thu\u00ea<\/h3>\n\t\t\t<\/div>\n\t\n\n\t\t\n<style>\n#stack-4178740752 > * {\n  --stack-gap: 0rem;\n}\n<\/style>\n\t<\/div>\n\t\n\t<div id=\"stack-4236214540\" class=\"stack box_content stack-col justify-start items-stretch\">\n\t\t\r\n\r\n<div class=\"container section-title-container\" ><h2 class=\"section-title section-title-normal\"><b><\/b><span class=\"section-title-main\" >Ho\u1ea1t \u0111\u1ed9ng v\u00e0 s\u1ef1 ki\u1ec7n c\u1ed9ng \u0111\u1ed3ng<\/span><b><\/b><\/h2><\/div>\r\n\r\n\t<div id=\"text-3407845985\" class=\"text\">\n\t\t\r\n\r\n<h3>Ho\u1ea1t \u0111\u1ed9ng v\u00e0 s\u1ef1 ki\u1ec7n c\u1ed9ng \u0111\u1ed3ng<\/h3>\r\n\r\n\t\t\t<\/div>\n\t\r\n\r\n\t\t\n<style>\n#stack-4236214540 > * {\n  --stack-gap: 0rem;\n}\n<\/style>\n\t<\/div>\n\t\n\t<div id=\"stack-1832952963\" class=\"stack box_content stack-col justify-start items-stretch\">\n\t\t\n\n<div class=\"container section-title-container\" ><h2 class=\"section-title section-title-normal\"><b><\/b><span class=\"section-title-main\" >C\u00e1c D\u1ecbch v\u1ee5 Th\u01b0\u01a1ng m\u1ea1i <br> xung quanh<\/span><b><\/b><\/h2><\/div>\n\n\t<div id=\"text-2241592063\" class=\"text\">\n\t\t\n\n<h3>C\u00e1c D\u1ecbch v\u1ee5 Th\u01b0\u01a1ng m\u1ea1i xung quanh<\/h3>\n\t\t\t<\/div>\n\t\n\n\t\t\n<style>\n#stack-1832952963 > * {\n  --stack-gap: 0rem;\n}\n<\/style>\n\t<\/div>\n\t\n\t<div id=\"stack-3782938284\" class=\"stack box_content stack-col justify-start items-stretch\">\n\t\t\n\n<div class=\"container section-title-container\" ><h2 class=\"section-title section-title-normal\"><b><\/b><span class=\"section-title-main\" >C\u00e2u h\u1ecfi th\u01b0\u1eddng g\u1eb7p<\/span><b><\/b><\/h2><\/div>\n\n<div class=\"accordion\">\n\n\t<div id=\"accordion-1893358078\" class=\"accordion-item\">\n\t\t<a id=\"accordion-1893358078-label\" class=\"accordion-title plain active\" href=\"#accordion-item-t\u00f4i-c\u00f3-th\u1ec3-tr\u1ea3-m\u1ee9c-gi\u00e1-th\u1ea5p-h\u01a1n-so-v\u1edbi-gi\u00e1-ni\u00eam-y\u1ebft-c\u1ee7a-c\u0103n-h\u1ed9-kh\u00f4ng?\" aria-expanded=\"true\" aria-controls=\"accordion-1893358078-content\" >\n\t\t\t<button class=\"toggle\" aria-label=\"Chuy\u1ec3n \u0111\u1ed5i\"><i class=\"icon-angle-down\"><\/i><\/button>\n\t\t\t<span>T\u00f4i c\u00f3 th\u1ec3 tr\u1ea3 m\u1ee9c gi\u00e1 th\u1ea5p h\u01a1n so v\u1edbi gi\u00e1 ni\u00eam y\u1ebft c\u1ee7a c\u0103n h\u1ed9 kh\u00f4ng?<\/span>\n\t\t<\/a>\n\t\t<div id=\"accordion-1893358078-content\" class=\"accordion-inner\" style=\"display: block;\" aria-labelledby=\"accordion-1893358078-label\" >\n\t\t\t\n\n<p>V\u1edbi tr\u01b0\u1eddng h\u1ee3p n\u00e0y, b\u1ea1n c\u00f3 th\u1ec3 li\u00ean h\u1ec7 t\u1edbi Hotline 1800 545 481\u00a0 \u0111\u1ec3 chuy\u00ean vi\u00ean CityLand t\u01b0 v\u1ea5n nhanh nh\u1ea5t.<\/p>\n\n\n\t\t<\/div>\n\t<\/div>\n\t\n\t<div id=\"accordion-1931357636\" class=\"accordion-item\">\n\t\t<a id=\"accordion-1931357636-label\" class=\"accordion-title plain\" href=\"#accordion-item-khi-mua-nh\u00e0-tr\u00ean-website,-t\u00f4i-c\u00f3-ph\u1ea3i-tr\u1ea3-th\u00eam-kho\u1ea3n-ph\u00ed-g\u00ec-kh\u00f4ng?\" aria-expanded=\"false\" aria-controls=\"accordion-1931357636-content\" >\n\t\t\t<button class=\"toggle\" aria-label=\"Chuy\u1ec3n \u0111\u1ed5i\"><i class=\"icon-angle-down\"><\/i><\/button>\n\t\t\t<span>Khi mua nh\u00e0 tr\u00ean website, t\u00f4i c\u00f3 ph\u1ea3i tr\u1ea3 th\u00eam kho\u1ea3n ph\u00ed g\u00ec kh\u00f4ng?<\/span>\n\t\t<\/a>\n\t\t<div id=\"accordion-1931357636-content\" class=\"accordion-inner\" aria-labelledby=\"accordion-1931357636-label\" >\n\t\t\t\n\n<p>V\u1edbi tr\u01b0\u1eddng h\u1ee3p n\u00e0y, b\u1ea1n c\u00f3 th\u1ec3 li\u00ean h\u1ec7 t\u1edbi Hotline 1800 545 481 \u0111\u1ec3 chuy\u00ean vi\u00ean CityLand t\u01b0 v\u1ea5n nhanh nh\u1ea5t.<\/p>\n\n\n\t\t<\/div>\n\t<\/div>\n\t\n\t<div id=\"accordion-1155889117\" class=\"accordion-item\">\n\t\t<a id=\"accordion-1155889117-label\" class=\"accordion-title plain\" href=\"#accordion-item-t\u00f4i-c\u00f3-th\u1ec3-thanh-to\u00e1n-ti\u1ec1n-m\u1eb7t-t\u1ea1i-ch\u1ed7-kh\u00f4ng?\" aria-expanded=\"false\" aria-controls=\"accordion-1155889117-content\" >\n\t\t\t<button class=\"toggle\" aria-label=\"Chuy\u1ec3n \u0111\u1ed5i\"><i class=\"icon-angle-down\"><\/i><\/button>\n\t\t\t<span>T\u00f4i c\u00f3 th\u1ec3 thanh to\u00e1n ti\u1ec1n m\u1eb7t t\u1ea1i ch\u1ed7 kh\u00f4ng?<\/span>\n\t\t<\/a>\n\t\t<div id=\"accordion-1155889117-content\" class=\"accordion-inner\" aria-labelledby=\"accordion-1155889117-label\" >\n\t\t\t\n\n<p>V\u1edbi tr\u01b0\u1eddng h\u1ee3p n\u00e0y, b\u1ea1n c\u00f3 th\u1ec3 li\u00ean h\u1ec7 t\u1edbi Hotline 1800 545 481 \u0111\u1ec3 chuy\u00ean vi\u00ean CityLand t\u01b0 v\u1ea5n nhanh nh\u1ea5t.<\/p>\n\n\n\t\t<\/div>\n\t<\/div>\n\t\n\t<div id=\"accordion-2518866411\" class=\"accordion-item\">\n\t\t<a id=\"accordion-2518866411-label\" class=\"accordion-title plain\" href=\"#accordion-item-cityland-c\u00f3-v\u0103n-ph\u00f2ng-giao-d\u1ecbch-kh\u00f4ng?\" aria-expanded=\"false\" aria-controls=\"accordion-2518866411-content\" >\n\t\t\t<button class=\"toggle\" aria-label=\"Chuy\u1ec3n \u0111\u1ed5i\"><i class=\"icon-angle-down\"><\/i><\/button>\n\t\t\t<span>CityLand c\u00f3 v\u0103n ph\u00f2ng giao d\u1ecbch kh\u00f4ng?<\/span>\n\t\t<\/a>\n\t\t<div id=\"accordion-2518866411-content\" class=\"accordion-inner\" aria-labelledby=\"accordion-2518866411-label\" >\n\t\t\t\n\n<p>V\u1edbi tr\u01b0\u1eddng h\u1ee3p n\u00e0y, b\u1ea1n c\u00f3 th\u1ec3 li\u00ean h\u1ec7 t\u1edbi Hotline 1800 545 481 \u0111\u1ec3 chuy\u00ean vi\u00ean CityLand t\u01b0 v\u1ea5n nhanh nh\u1ea5t.<\/p>\n\n\n\t\t<\/div>\n\t<\/div>\n\t\n\n<\/div>\n<div class=\"container section-title-container mb_0\" ><h2 class=\"section-title section-title-normal\"><b><\/b><span class=\"section-title-main\" >G\u1eedi c\u00e2u h\u1ecfi cho ch\u00fang t\u00f4i<\/span><b><\/b><\/h2><\/div>\n\n\t<div id=\"text-801414540\" class=\"text mb_30\">\n\t\t\n\nTr\u01b0\u1eddng h\u1ee3p kh\u00f4ng t\u00ecm \u0111\u01b0\u1ee3c c\u00e2u tr\u1ea3 l\u1eddi ph\u00f9 h\u1ee3p cho th\u1eafc m\u1eafc c\u1ee7a b\u1ea1n, vui l\u00f2ng g\u1eedi c\u00e2u h\u1ecfi v\u1ec1 cho ch\u00fang t\u00f4i b\u1eb1ng c\u00e1ch \u0111i\u1ec1n th\u00f4ng tin b\u00ean d\u01b0\u1edbi.\n\t\t\t<\/div>\n\t\n\n<div class=\"wpcf7 no-js\" id=\"wpcf7-f526-o1\" lang=\"vi\" dir=\"ltr\">\n<div class=\"screen-reader-response\"><p role=\"status\" aria-live=\"polite\" aria-atomic=\"true\"><\/p> <ul><\/ul><\/div>\n<form action=\"\/cityland\/wp-json\/wp\/v2\/pages\/506#wpcf7-f526-o1\" method=\"post\" class=\"wpcf7-form init\" aria-label=\"Form li\u00ean h\u1ec7\" novalidate=\"novalidate\" data-status=\"init\">\n<div style=\"display: none;\">\n<input type=\"hidden\" name=\"_wpcf7\" value=\"526\" \/>\n<input type=\"hidden\" name=\"_wpcf7_version\" value=\"5.9.3\" \/>\n<input type=\"hidden\" name=\"_wpcf7_locale\" value=\"vi\" \/>\n<input type=\"hidden\" name=\"_wpcf7_unit_tag\" value=\"wpcf7-f526-o1\" \/>\n<input type=\"hidden\" name=\"_wpcf7_container_post\" value=\"0\" \/>\n<input type=\"hidden\" name=\"_wpcf7_posted_data_hash\" value=\"\" \/>\n<\/div>\n<div class=\"wrap_form\">\n\t<div class=\"row \">\n\t\t<div class=\"col medium-6 small-12 large-6\">\n\t\t\t<p><span class=\"wpcf7-form-control-wrap\" data-name=\"your-name\"><input size=\"40\" class=\"wpcf7-form-control wpcf7-text wpcf7-validates-as-required\" autocomplete=\"name\" aria-required=\"true\" aria-invalid=\"false\" placeholder=\"H\u1ecd t\u00ean\" value=\"\" type=\"text\" name=\"your-name\" \/><\/span>\n\t\t\t<\/p>\n\t\t<\/div>\n\t\t<div class=\"col medium-6 small-12 large-6\">\n\t\t\t<p><span class=\"wpcf7-form-control-wrap\" data-name=\"tel-608\"><input size=\"40\" class=\"wpcf7-form-control wpcf7-tel wpcf7-text wpcf7-validates-as-tel\" aria-invalid=\"false\" placeholder=\"S\u1ed1 \u0111i\u1ec7n tho\u1ea1i\" value=\"\" type=\"tel\" name=\"tel-608\" \/><\/span>\n\t\t\t<\/p>\n\t\t<\/div>\n\t\t<div class=\"col medium-6 small-12 large-6\">\n\t\t\t<p><span class=\"wpcf7-form-control-wrap\" data-name=\"your-email\"><input size=\"40\" class=\"wpcf7-form-control wpcf7-email wpcf7-validates-as-required wpcf7-text wpcf7-validates-as-email\" autocomplete=\"email\" aria-required=\"true\" aria-invalid=\"false\" placeholder=\"Email\" value=\"\" type=\"email\" name=\"your-email\" \/><\/span>\n\t\t\t<\/p>\n\t\t<\/div>\n\t\t<div class=\"col medium-6 small-12 large-6\">\n\t\t\t<p><span class=\"wpcf7-form-control-wrap\" data-name=\"your-subject\"><input size=\"40\" class=\"wpcf7-form-control wpcf7-text wpcf7-validates-as-required\" aria-required=\"true\" aria-invalid=\"false\" placeholder=\"Ch\u1ee7 \u0111\u1ec1: Thanh to\u00e1n\/Th\u1ee7 t\u1ee5c\/Th\u00f4ng tin...\" value=\"\" type=\"text\" name=\"your-subject\" \/><\/span>\n\t\t\t<\/p>\n\t\t<\/div>\n\t\t<div class=\"col medium-12 small-12 large-12\">\n\t\t\t<p><span class=\"wpcf7-form-control-wrap\" data-name=\"your-message\"><textarea cols=\"40\" rows=\"10\" class=\"wpcf7-form-control wpcf7-textarea\" aria-invalid=\"false\" placeholder=\"N\u1ed9i dung c\u00e2u h\u1ecfi\" name=\"your-message\"><\/textarea><\/span>\n\t\t\t<\/p>\n\t\t<\/div>\n\t\t<div class=\"col medium-12 small-12 large-12\">\n\t\t\t<p><input class=\"wpcf7-form-control wpcf7-submit has-spinner\" type=\"submit\" value=\"G\u1eedi c\u00e2u h\u1ecfi\" \/>\n\t\t\t<\/p>\n\t\t<\/div>\n\t<\/div>\n<\/div><div class=\"wpcf7-response-output\" aria-hidden=\"true\"><\/div>\n<\/form>\n<\/div>\n\n\n\n\t\t\n<style>\n#stack-3782938284 > * {\n  --stack-gap: 0rem;\n}\n<\/style>\n\t<\/div>\n\t\n<\/div>\n\t\t<\/div>\n\t\t\t\t\t<\/div>\n\n\t\n<\/div>\n\t\t<\/div>\n\n\t\t\n<style>\n#section_1298965251 {\n  padding-top: 30px;\n  padding-bottom: 30px;\n}\n<\/style>\n\t<\/section>\n\t\n","protected":false},"excerpt":{"rendered":"","protected":false},"author":1,"featured_media":0,"parent":0,"menu_order":0,"comment_status":"closed","ping_status":"closed","template":"page-transparent-header.php","meta":{"_acf_changed":false,"inline_featured_image":false,"footnotes":""},"class_list":["post-506","page","type-page","status-publish","hentry"],"acf":[],"lang":"vi","translations":{"vi":506,"en":1838},"pll_sync_post":[],"_links":{"self":[{"href":"https:\/\/demo9.thuythu.vn\/cityland\/wp-json\/wp\/v2\/pages\/506"}],"collection":[{"href":"https:\/\/demo9.thuythu.vn\/cityland\/wp-json\/wp\/v2\/pages"}],"about":[{"href":"https:\/\/demo9.thuythu.vn\/cityland\/wp-json\/wp\/v2\/types\/page"}],"author":[{"embeddable":true,"href":"https:\/\/demo9.thuythu.vn\/cityland\/wp-json\/wp\/v2\/users\/1"}],"replies":[{"embeddable":true,"href":"https:\/\/demo9.thuythu.vn\/cityland\/wp-json\/wp\/v2\/comments?post=506"}],"version-history":[{"count":14,"href":"https:\/\/demo9.thuythu.vn\/cityland\/wp-json\/wp\/v2\/pages\/506\/revisions"}],"predecessor-version":[{"id":1535,"href":"https:\/\/demo9.thuythu.vn\/cityland\/wp-json\/wp\/v2\/pages\/506\/revisions\/1535"}],"wp:attachment":[{"href":"https:\/\/demo9.thuythu.vn\/cityland\/wp-json\/wp\/v2\/media?parent=506"}],"curies":[{"name":"wp","href":"https:\/\/api.w.org\/{rel}","templated":true}]}}