{"id":1839,"date":"2024-08-07T08:11:46","date_gmt":"2024-08-07T08:11:46","guid":{"rendered":"https:\/\/demo9.thuythu.vn\/cityland\/?page_id=492"},"modified":"2024-09-27T06:48:20","modified_gmt":"2024-09-27T06:48:20","slug":"lien-he","status":"publish","type":"page","link":"https:\/\/demo9.thuythu.vn\/cityland\/en\/lien-he\/","title":{"rendered":"Li\u00ean h\u1ec7"},"content":{"rendered":"\t<section class=\"section banner_page\" id=\"section_630131145\">\n\t\t<div class=\"bg section-bg fill bg-fill bg-loaded bg-loaded\" >\n\n\t\t\t\n\t\t\t\n\t\t\t\n\n\t\t<\/div>\n\n\t\t\n\n\t\t<div class=\"section-content relative\">\n\t\t\t\n\n  <div class=\"banner has-hover has-parallax\" id=\"banner-1635876286\">\n          <div class=\"banner-inner fill\">\n        <div class=\"banner-bg fill\" data-parallax=\"-3\" data-parallax-container=\".banner\" data-parallax-background>\n            <div class=\"bg fill bg-fill bg-loaded\"><\/div>\n                                    \n                    <\/div>\n\t\t\n        <div class=\"banner-layers container\">\n            <div class=\"fill banner-link\"><\/div>            \n   <div id=\"text-box-20470339\" class=\"text-box banner-layer x0 md-x0 lg-x0 y50 md-y50 lg-y50 res-text\">\n                                <div class=\"text-box-content text dark\">\n              \n              <div class=\"text-inner text-center\">\n                  \n\t<div id=\"text-1461792429\" class=\"text\">\n\t\t\n<h1>Li\u00ean h\u1ec7<\/h1>\n<p>Th\u00f4ng tin li\u00ean h\u1ec7<\/p>\n\t\t\n<style>\n#text-1461792429 {\n  text-align: left;\n}\n<\/style>\n\t<\/div>\n\t\n              <\/div>\n           <\/div>\n                            \n<style>\n#text-box-20470339 {\n  width: 60%;\n}\n#text-box-20470339 .text-box-content {\n  font-size: 100%;\n}\n<\/style>\n    <\/div>\n \n        <\/div>\n      <\/div>\n\n              <div class=\"height-fix is-invisible\"><img loading=\"lazy\" decoding=\"async\" width=\"1920\" height=\"600\" src=\"https:\/\/demo9.thuythu.vn\/cityland\/wp-content\/uploads\/2024\/08\/Rectangle-847-7.jpg\" class=\"attachment-original size-original\" alt=\"\" srcset=\"https:\/\/demo9.thuythu.vn\/cityland\/wp-content\/uploads\/2024\/08\/Rectangle-847-7.jpg 1920w, https:\/\/demo9.thuythu.vn\/cityland\/wp-content\/uploads\/2024\/08\/Rectangle-847-7-800x250.jpg 800w, https:\/\/demo9.thuythu.vn\/cityland\/wp-content\/uploads\/2024\/08\/Rectangle-847-7-1400x438.jpg 1400w, https:\/\/demo9.thuythu.vn\/cityland\/wp-content\/uploads\/2024\/08\/Rectangle-847-7-768x240.jpg 768w, https:\/\/demo9.thuythu.vn\/cityland\/wp-content\/uploads\/2024\/08\/Rectangle-847-7-1536x480.jpg 1536w\" sizes=\"(max-width: 1920px) 100vw, 1920px\" \/><\/div>\n            \n<style>\n#banner-1635876286 .bg.bg-loaded {\n  background-image: url(https:\/\/demo9.thuythu.vn\/cityland\/wp-content\/uploads\/2024\/08\/Rectangle-847-7.jpg);\n}\n<\/style>\n  <\/div>\n\n\n\t<div id=\"text-3487425858\" class=\"text breadcrumbs\">\n\t\t<section class=\"breadcrumbs\"><div class=\"row\"><div class=\"col-xl-12\"><div id=\"breadcrumb\" class=\"navigation\"><nav class=\"breadcrumb\"><ul><li class=\"list_br\"><a title=\"Home\" itemprop=\"url\" href=\"https:\/\/demo9.thuythu.vn\/cityland\"><cite itemprop=\"title\"><svg xmlns=\"http:\/\/www.w3.org\/2000\/svg\" width=\"20\" height=\"20\" viewBox=\"0 0 20 20\" fill=\"none\">\r\n  <path d=\"M11.8745 16.2491V12.4991C11.8745 12.3333 11.8087 12.1743 11.6915 12.0571C11.5743 11.9399 11.4153 11.8741 11.2495 11.8741H8.74954C8.58378 11.8741 8.42481 11.9399 8.3076 12.0571C8.19039 12.1743 8.12454 12.3333 8.12454 12.4991V16.2491C8.12454 16.4149 8.0587 16.5738 7.94151 16.691C7.82432 16.8083 7.66537 16.8741 7.49962 16.8741L3.75008 16.8746C3.668 16.8746 3.58671 16.8585 3.51088 16.8271C3.43504 16.7957 3.36613 16.7496 3.30809 16.6916C3.25004 16.6336 3.204 16.5647 3.17258 16.4888C3.14117 16.413 3.125 16.3317 3.125 16.2496V9.02615C3.125 8.93908 3.14319 8.85297 3.17842 8.77333C3.21364 8.6937 3.26511 8.62231 3.32954 8.56373L9.57911 2.88132C9.69415 2.77672 9.84406 2.71876 9.99955 2.71875C10.155 2.71874 10.3049 2.7767 10.42 2.8813L16.6704 8.56373C16.7349 8.6223 16.7863 8.6937 16.8216 8.77334C16.8568 8.85298 16.875 8.9391 16.875 9.02618V16.2496C16.875 16.3317 16.8588 16.413 16.8274 16.4888C16.796 16.5647 16.75 16.6336 16.6919 16.6916C16.6339 16.7496 16.565 16.7957 16.4891 16.8271C16.4133 16.8585 16.332 16.8746 16.2499 16.8746L12.4995 16.8741C12.3337 16.8741 12.1748 16.8083 12.0576 16.691C11.9404 16.5738 11.8745 16.4149 11.8745 16.2491V16.2491Z\" stroke=\"white\" stroke-width=\"1.5\" stroke-linecap=\"round\" stroke-linejoin=\"round\"\/>\r\n<\/svg><\/cite><\/a><\/li><span class=\"divider\"><svg xmlns=\"http:\/\/www.w3.org\/2000\/svg\" width=\"12\" height=\"12\" viewBox=\"0 0 12 12\" fill=\"none\">\r\n  <path d=\"M4.5 2.25L8.25 6L4.5 9.75\" stroke=\"white\" stroke-linecap=\"round\" stroke-linejoin=\"round\"\/>\r\n<\/svg><\/span><\/ul><\/nav><\/div><\/div><\/div><\/section>\n\n\t\t\t<\/div>\n\t\n\t\t<\/div>\n\n\t\t\n<style>\n#section_630131145 {\n  padding-top: 0px;\n  padding-bottom: 0px;\n}\n<\/style>\n\t<\/section>\n\t\n\t<section class=\"section contact_sec_2\" id=\"section_462089315\">\n\t\t<div class=\"bg section-bg fill bg-fill bg-loaded bg-loaded\" >\n\n\t\t\t\n\t\t\t\n\t\t\t\n\n\t\t<\/div>\n\n\t\t\n\n\t\t<div class=\"section-content relative\">\n\t\t\t\n<div class=\"row\"  id=\"row-1231937705\">\n\n\t<div id=\"col-438590231\" class=\"col small-12 large-12\"  >\n\t\t\t\t<div class=\"col-inner\"  >\n\t\t\t\n\t\t\t\n\t<div id=\"text-2279149364\" class=\"text mb_50 group_heading\">\n\t\t\n<h3 class=\"thin-font\">K\u1ebeT N\u1ed0I V\u1edaI CH\u00daNG T\u00d4I<\/h3>\n<h2 class=\"\">Li\u00ean h\u1ec7 ch\u00fang t\u00f4i<\/h2>\n\t\t\n<style>\n#text-2279149364 {\n  text-align: center;\n}\n<\/style>\n\t<\/div>\n\t\n\t\t<\/div>\n\t\t\t\t\t<\/div>\n\n\t\n<\/div>\n<div class=\"row info_contact\"  id=\"row-992875551\">\n\n\t<div id=\"col-1482085579\" class=\"col medium-4 small-12 large-4\"  >\n\t\t\t\t<div class=\"col-inner\"  >\n\t\t\t\n\t\t\t\n\n\t\t<div class=\"icon-box featured-box icon-box-left text-left\"  >\n\t\t\t\t\t<div class=\"icon-box-img\" style=\"width: 60px\">\n\t\t\t\t<div class=\"icon\">\n\t\t\t\t\t<div class=\"icon-inner\" >\n\t\t\t\t\t\t<img loading=\"lazy\" decoding=\"async\" width=\"400\" height=\"400\" src=\"https:\/\/demo9.thuythu.vn\/cityland\/wp-content\/uploads\/2024\/08\/EnvelopeSimple.svg\" class=\"attachment-medium size-medium\" alt=\"\" \/>\t\t\t\t\t<\/div>\n\t\t\t\t<\/div>\n\t\t\t<\/div>\n\t\t\t\t<div class=\"icon-box-text last-reset\">\n\t\t\t\t\t\t\t\t\t\n<p>Email<br \/><span style=\"color: #e11b22;\"><a style=\"color: #e11b22;\" href=\"mailto:info@cityland.com.vn\"><strong>info@cityland.com.vn<\/strong><\/a><\/span><\/p>\n\t\t<\/div>\n\t<\/div>\n\t\n\t\n\t\t<\/div>\n\t\t\t\t\t<\/div>\n\n\t\n\n\t<div id=\"col-1742382074\" class=\"col medium-4 small-12 large-4\"  >\n\t\t\t\t<div class=\"col-inner\"  >\n\t\t\t\n\t\t\t\n\n\t\t<div class=\"icon-box featured-box icon-box-left text-left\"  >\n\t\t\t\t\t<div class=\"icon-box-img\" style=\"width: 60px\">\n\t\t\t\t<div class=\"icon\">\n\t\t\t\t\t<div class=\"icon-inner\" >\n\t\t\t\t\t\t<img loading=\"lazy\" decoding=\"async\" width=\"400\" height=\"400\" src=\"https:\/\/demo9.thuythu.vn\/cityland\/wp-content\/uploads\/2024\/08\/PhoneCall.svg\" class=\"attachment-medium size-medium\" alt=\"\" \/>\t\t\t\t\t<\/div>\n\t\t\t\t<\/div>\n\t\t\t<\/div>\n\t\t\t\t<div class=\"icon-box-text last-reset\">\n\t\t\t\t\t\t\t\t\t\n<p>Hotline<br \/><span style=\"color: #e11b22;\"><a style=\"color: #e11b22;\" href=\"tel:1800545481\"><strong>1800 545 481<\/strong><\/a><\/span><\/p>\n\t\t<\/div>\n\t<\/div>\n\t\n\t\n\t\t<\/div>\n\t\t\t\t\t<\/div>\n\n\t\n\n\t<div id=\"col-464123133\" class=\"col medium-4 small-12 large-4\"  >\n\t\t\t\t<div class=\"col-inner\"  >\n\t\t\t\n\t\t\t\n\n\t\t<div class=\"icon-box featured-box icon-box-left text-left\"  >\n\t\t\t\t\t<div class=\"icon-box-img\" style=\"width: 60px\">\n\t\t\t\t<div class=\"icon\">\n\t\t\t\t\t<div class=\"icon-inner\" >\n\t\t\t\t\t\t<img loading=\"lazy\" decoding=\"async\" width=\"400\" height=\"400\" src=\"https:\/\/demo9.thuythu.vn\/cityland\/wp-content\/uploads\/2024\/08\/Receipt.svg\" class=\"attachment-medium size-medium\" alt=\"\" \/>\t\t\t\t\t<\/div>\n\t\t\t\t<\/div>\n\t\t\t<\/div>\n\t\t\t\t<div class=\"icon-box-text last-reset\">\n\t\t\t\t\t\t\t\t\t\n<p>Fax<br \/><span style=\"color: #e11b22;\"><strong>(028) 39106563<\/strong><\/span><\/p>\n\t\t<\/div>\n\t<\/div>\n\t\n\t\n\t\t<\/div>\n\t\t\t\t\t<\/div>\n\n\t\n<\/div>\n<div class=\"row\"  id=\"row-823482826\">\n\n\t<div id=\"col-2016445460\" class=\"col nav_tabs medium-4 small-12 large-4\"  >\n\t\t\t\t<div class=\"col-inner\"  >\n\t\t\t\n\t\t\t\n\n\t\t<div class=\"icon-box featured-box icon-box-left text-left\"  >\n\t\t\t\t\t<div class=\"icon-box-img\" style=\"width: 20px\">\n\t\t\t\t<div class=\"icon\">\n\t\t\t\t\t<div class=\"icon-inner\" >\n\t\t\t\t\t\t<img loading=\"lazy\" decoding=\"async\" width=\"400\" height=\"400\" src=\"https:\/\/demo9.thuythu.vn\/cityland\/wp-content\/uploads\/2024\/08\/MapPin.svg\" class=\"attachment-medium size-medium\" alt=\"\" \/>\t\t\t\t\t<\/div>\n\t\t\t\t<\/div>\n\t\t\t<\/div>\n\t\t\t\t<div class=\"icon-box-text last-reset\">\n\t\t\t\t\t\t\t\t\t\n<p><strong>Chi nh\u00e1nh H\u00e0 N\u1ed9i<br \/><\/strong>229 \u00c2u c\u01a1, ph\u01b0\u1eddng Qu\u1ea3ng An, Qu\u1eadn T\u00e2y H\u1ed3, H\u00e0 N\u1ed9i<strong><br \/><\/strong><\/p>\n\t\t<div class=\"hidden\">\n\t\t\t\t\n<p><iframe src=\"https:\/\/www.google.com\/maps\/embed?pb=!1m18!1m12!1m3!1d3723.142841530014!2d105.82459147560732!3d21.066956386464845!2m3!1f0!2f0!3f0!3m2!1i1024!2i768!4f13.1!3m3!1m2!1s0x3135aaf824a5a423%3A0xa532ecd47b6f4d2d!2zMjI5IMSQLiDDgnUgQ8ahLCBRdeG6o25nIEFuLCBUw6J5IEjhu5MsIEjDoCBO4buZaSwgVmnhu4d0IE5hbQ!5e0!3m2!1svi!2s!4v1723019660877!5m2!1svi!2s\" width=\"600\" height=\"450\" style=\"border:0;\" allowfullscreen=\"\" loading=\"lazy\" referrerpolicy=\"no-referrer-when-downgrade\"><\/iframe><br \/>\n\t\t<\/div>\n\t\n\t\t<\/div>\n\t<\/div>\n\t\n\t\n\n\t\t<div class=\"icon-box featured-box icon-box-left text-left\"  >\n\t\t\t\t\t<div class=\"icon-box-img\" style=\"width: 20px\">\n\t\t\t\t<div class=\"icon\">\n\t\t\t\t\t<div class=\"icon-inner\" >\n\t\t\t\t\t\t<img loading=\"lazy\" decoding=\"async\" width=\"400\" height=\"400\" src=\"https:\/\/demo9.thuythu.vn\/cityland\/wp-content\/uploads\/2024\/08\/MapPin.svg\" class=\"attachment-medium size-medium\" alt=\"\" \/>\t\t\t\t\t<\/div>\n\t\t\t\t<\/div>\n\t\t\t<\/div>\n\t\t\t\t<div class=\"icon-box-text last-reset\">\n\t\t\t\t\t\t\t\t\t\n<p><strong>Chi nh\u00e1nh Ph\u00fa Qu\u1ed1c<\/strong><br \/>196 Nguy\u1ec5n Trung Tr\u1ef1c, P.D\u01b0\u01a1ng \u0110\u00f4ng, Th\u00e0nh ph\u1ed1 Ph\u00fa Qu\u1ed1c<\/p>\n\t\t<div class=\"hidden\">\n\t\t\t\t\n<p><iframe src=\"https:\/\/www.google.com\/maps\/embed?pb=!1m18!1m12!1m3!1d3926.4742420508423!2d103.96530047545149!3d10.223282169152032!2m3!1f0!2f0!3f0!3m2!1i1024!2i768!4f13.1!3m3!1m2!1s0x31a78d3459e1791f%3A0xcdd50011eedc5dfa!2zQklEViBDTiBQSMOaIFFV4buQQw!5e0!3m2!1svi!2s!4v1723019705097!5m2!1svi!2s\" width=\"600\" height=\"450\" style=\"border:0;\" allowfullscreen=\"\" loading=\"lazy\" referrerpolicy=\"no-referrer-when-downgrade\"><\/iframe><br \/>\n\t\t<\/div>\n\t\n\t\t<\/div>\n\t<\/div>\n\t\n\t\n\n\t\t<div class=\"icon-box featured-box icon-box-left text-left\"  >\n\t\t\t\t\t<div class=\"icon-box-img\" style=\"width: 20px\">\n\t\t\t\t<div class=\"icon\">\n\t\t\t\t\t<div class=\"icon-inner\" >\n\t\t\t\t\t\t<img loading=\"lazy\" decoding=\"async\" width=\"400\" height=\"400\" src=\"https:\/\/demo9.thuythu.vn\/cityland\/wp-content\/uploads\/2024\/08\/MapPin.svg\" class=\"attachment-medium size-medium\" alt=\"\" \/>\t\t\t\t\t<\/div>\n\t\t\t\t<\/div>\n\t\t\t<\/div>\n\t\t\t\t<div class=\"icon-box-text last-reset\">\n\t\t\t\t\t\t\t\t\t\n<p><strong>Chi nh\u00e1nh TP H\u1ed3 Ch\u00ed Minh<br \/><\/strong>55, \u0111\u01b0\u1eddng s\u1ed1 3, KDC CityLand Park Hills &#8211; Ph\u01b0\u1eddng 10, Qu\u1eadn G\u00f2 V\u1ea5p<\/p>\n\t\t<div class=\"hidden\">\n\t\t\t\t\n<p><iframe src=\"https:\/\/www.google.com\/maps\/embed?pb=!1m18!1m12!1m3!1d3918.6675824874546!2d106.66782487545669!3d10.83673105807761!2m3!1f0!2f0!3f0!3m2!1i1024!2i768!4f13.1!3m3!1m2!1s0x317529aa29fd9d07%3A0x1cf95f10225fb554!2zNTUgxJAgU-G7kSAzLCBQaMaw4budbmcgMTAsIEfDsiBW4bqlcCwgSOG7kyBDaMOtIE1pbmgsIFZp4buHdCBOYW0!5e0!3m2!1svi!2s!4v1723019739709!5m2!1svi!2s\" width=\"600\" height=\"450\" style=\"border:0;\" allowfullscreen=\"\" loading=\"lazy\" referrerpolicy=\"no-referrer-when-downgrade\"><\/iframe><br \/>\n\t\t<\/div>\n\t\n\t\t<\/div>\n\t<\/div>\n\t\n\t\n\t\t<\/div>\n\t\t\t\t\t<\/div>\n\n\t\n\n\t<div id=\"col-1186960692\" class=\"col medium-8 small-12 large-8\"  >\n\t\t\t\t<div class=\"col-inner\"  >\n\t\t\t\n\t\t\t\n\n<div id=\"load_map\"><\/div>\n\n\t\t<\/div>\n\t\t\t\t\t<\/div>\n\n\t\n<\/div>\n\t\t<\/div>\n\n\t\t\n<style>\n#section_462089315 {\n  padding-top: 30px;\n  padding-bottom: 30px;\n}\n<\/style>\n\t<\/section>\n\t\n\t<section class=\"section contact_sec_3\" id=\"section_1731772096\">\n\t\t<div class=\"bg section-bg fill bg-fill bg-loaded bg-loaded\" >\n\n\t\t\t\n\t\t\t\n\t\t\t\n\n\t\t<\/div>\n\n\t\t\n\n\t\t<div class=\"section-content relative\">\n\t\t\t\n<div class=\"row align-center\"  id=\"row-1331425926\">\n\n\t<div id=\"col-711434789\" class=\"col medium-8 small-12 large-8\"  >\n\t\t\t\t<div class=\"col-inner\"  >\n\t\t\t\n\t\t\t\n\t<div id=\"text-1944630083\" class=\"text mb_30 group_heading\">\n\t\t\n<h2 class=\"\">G\u1eedi tin nh\u1eafn<\/h2>\n<p>\u0110\u1ec3 c\u00f3 th\u1ec3 \u0111\u00e1p \u1ee9ng \u0111\u01b0\u1ee3c c\u00e1c y\u00eau c\u1ea7u v\u00e0 c\u00e1c \u00fd ki\u1ebfn c\u1ee7a b\u1ea1n xin vui l\u00f2ng \u0111\u1ec3 l\u1ea1i th\u00f4ng tin b\u00ean d\u01b0\u1edbi.<\/p>\n\t\t\n<style>\n#text-1944630083 {\n  text-align: center;\n}\n<\/style>\n\t<\/div>\n\t\n\n<div class=\"wpcf7 no-js\" id=\"wpcf7-f1845-o1\" lang=\"vi\" dir=\"ltr\">\n<div class=\"screen-reader-response\"><p role=\"status\" aria-live=\"polite\" aria-atomic=\"true\"><\/p> <ul><\/ul><\/div>\n<form action=\"\/cityland\/wp-json\/wp\/v2\/pages\/1839#wpcf7-f1845-o1\" method=\"post\" class=\"wpcf7-form init\" aria-label=\"Form li\u00ean h\u1ec7\" novalidate=\"novalidate\" data-status=\"init\">\n<div style=\"display: none;\">\n<input type=\"hidden\" name=\"_wpcf7\" value=\"1845\" \/>\n<input type=\"hidden\" name=\"_wpcf7_version\" value=\"5.9.3\" \/>\n<input type=\"hidden\" name=\"_wpcf7_locale\" value=\"vi\" \/>\n<input type=\"hidden\" name=\"_wpcf7_unit_tag\" value=\"wpcf7-f1845-o1\" \/>\n<input type=\"hidden\" name=\"_wpcf7_container_post\" value=\"0\" \/>\n<input type=\"hidden\" name=\"_wpcf7_posted_data_hash\" value=\"\" \/>\n<\/div>\n<div class=\"wrap_form\">\n\t<div class=\"row\">\n\t\t<div class=\"col medium-6 small-12 large-6\">\n\t\t\t<p><span class=\"wpcf7-form-control-wrap\" data-name=\"your-name\"><input size=\"40\" class=\"wpcf7-form-control wpcf7-text wpcf7-validates-as-required\" autocomplete=\"name\" aria-required=\"true\" aria-invalid=\"false\" placeholder=\"Full Name\" value=\"\" type=\"text\" name=\"your-name\" \/><\/span>\n\t\t\t<\/p>\n\t\t<\/div>\n\t\t<div class=\"col medium-6 small-12 large-6\">\n\t\t\t<p><span class=\"wpcf7-form-control-wrap\" data-name=\"tel-608\"><input size=\"40\" class=\"wpcf7-form-control wpcf7-tel wpcf7-text wpcf7-validates-as-tel\" aria-invalid=\"false\" placeholder=\"Phone Number\" value=\"\" type=\"tel\" name=\"tel-608\" \/><\/span>\n\t\t\t<\/p>\n\t\t<\/div>\n\t\t<div class=\"col medium-6 small-12 large-6\">\n\t\t\t<p><span class=\"wpcf7-form-control-wrap\" data-name=\"your-email\"><input size=\"40\" class=\"wpcf7-form-control wpcf7-email wpcf7-validates-as-required wpcf7-text wpcf7-validates-as-email\" autocomplete=\"email\" aria-required=\"true\" aria-invalid=\"false\" placeholder=\"Email\" value=\"\" type=\"email\" name=\"your-email\" \/><\/span>\n\t\t\t<\/p>\n\t\t<\/div>\n\t\t<div class=\"col medium-6 small-12 large-6\">\n\t\t\t<p><span class=\"wpcf7-form-control-wrap\" data-name=\"your-subject\"><input size=\"40\" class=\"wpcf7-form-control wpcf7-text wpcf7-validates-as-required\" aria-required=\"true\" aria-invalid=\"false\" placeholder=\"Subject: Payment\/Procedure\/Information...\" value=\"\" type=\"text\" name=\"your-subject\" \/><\/span>\n\t\t\t<\/p>\n\t\t<\/div>\n\t\t<div class=\"col medium-12 small-12 large-12\">\n\t\t\t<p><span class=\"wpcf7-form-control-wrap\" data-name=\"your-message\"><textarea cols=\"40\" rows=\"10\" class=\"wpcf7-form-control wpcf7-textarea\" aria-invalid=\"false\" placeholder=\"Question content\" name=\"your-message\"><\/textarea><\/span>\n\t\t\t<\/p>\n\t\t<\/div>\n\t\t<div class=\"col medium-12 small-12 large-12 text-center\">\n\t\t\t<p><input class=\"wpcf7-form-control wpcf7-submit has-spinner\" type=\"submit\" value=\"Submit Question\" \/>\n\t\t\t<\/p>\n\t\t<\/div>\n\t<\/div>\n<\/div><div class=\"wpcf7-response-output\" aria-hidden=\"true\"><\/div>\n<\/form>\n<\/div>\n\n\t\t<\/div>\n\t\t\t\t\t<\/div>\n\n\t\n<\/div>\n\t\t<\/div>\n\n\t\t\n<style>\n#section_1731772096 {\n  padding-top: 30px;\n  padding-bottom: 30px;\n  background-color: rgb(244, 244, 244);\n}\n<\/style>\n\t<\/section>\n\t\n","protected":false},"excerpt":{"rendered":"","protected":false},"author":1,"featured_media":0,"parent":0,"menu_order":0,"comment_status":"closed","ping_status":"closed","template":"page-transparent-header.php","meta":{"_acf_changed":false,"inline_featured_image":false,"footnotes":""},"class_list":["post-1839","page","type-page","status-publish","hentry"],"acf":[],"lang":"en","translations":{"en":1839,"vi":492},"pll_sync_post":[],"_links":{"self":[{"href":"https:\/\/demo9.thuythu.vn\/cityland\/wp-json\/wp\/v2\/pages\/1839"}],"collection":[{"href":"https:\/\/demo9.thuythu.vn\/cityland\/wp-json\/wp\/v2\/pages"}],"about":[{"href":"https:\/\/demo9.thuythu.vn\/cityland\/wp-json\/wp\/v2\/types\/page"}],"author":[{"embeddable":true,"href":"https:\/\/demo9.thuythu.vn\/cityland\/wp-json\/wp\/v2\/users\/1"}],"replies":[{"embeddable":true,"href":"https:\/\/demo9.thuythu.vn\/cityland\/wp-json\/wp\/v2\/comments?post=1839"}],"version-history":[{"count":1,"href":"https:\/\/demo9.thuythu.vn\/cityland\/wp-json\/wp\/v2\/pages\/1839\/revisions"}],"predecessor-version":[{"id":1873,"href":"https:\/\/demo9.thuythu.vn\/cityland\/wp-json\/wp\/v2\/pages\/1839\/revisions\/1873"}],"wp:attachment":[{"href":"https:\/\/demo9.thuythu.vn\/cityland\/wp-json\/wp\/v2\/media?parent=1839"}],"curies":[{"name":"wp","href":"https:\/\/api.w.org\/{rel}","templated":true}]}}