{"id":807,"date":"2023-11-22T08:26:06","date_gmt":"2023-11-22T08:26:06","guid":{"rendered":"https:\/\/demo9.thuythu.vn\/caybuoigroup\/?page_id=807"},"modified":"2023-11-30T10:26:10","modified_gmt":"2023-11-30T10:26:10","slug":"nha-hang-cay-buoi-2","status":"publish","type":"page","link":"https:\/\/demo9.thuythu.vn\/caybuoigroup\/nha-hang-cay-buoi-2\/","title":{"rendered":"Nh\u00e0 h\u00e0ng C\u00e2y b\u01b0\u1edfi 2"},"content":{"rendered":"","protected":false},"excerpt":{"rendered":"","protected":false},"author":1,"featured_media":0,"parent":0,"menu_order":0,"comment_status":"closed","ping_status":"closed","template":"templates\/he-thong.php","meta":{"footnotes":""},"acf":[],"lang":"vi","translations":{"vi":807},"pll_sync_post":[],"_links":{"self":[{"href":"https:\/\/demo9.thuythu.vn\/caybuoigroup\/wp-json\/wp\/v2\/pages\/807"}],"collection":[{"href":"https:\/\/demo9.thuythu.vn\/caybuoigroup\/wp-json\/wp\/v2\/pages"}],"about":[{"href":"https:\/\/demo9.thuythu.vn\/caybuoigroup\/wp-json\/wp\/v2\/types\/page"}],"author":[{"embeddable":true,"href":"https:\/\/demo9.thuythu.vn\/caybuoigroup\/wp-json\/wp\/v2\/users\/1"}],"replies":[{"embeddable":true,"href":"https:\/\/demo9.thuythu.vn\/caybuoigroup\/wp-json\/wp\/v2\/comments?post=807"}],"version-history":[{"count":6,"href":"https:\/\/demo9.thuythu.vn\/caybuoigroup\/wp-json\/wp\/v2\/pages\/807\/revisions"}],"predecessor-version":[{"id":1052,"href":"https:\/\/demo9.thuythu.vn\/caybuoigroup\/wp-json\/wp\/v2\/pages\/807\/revisions\/1052"}],"wp:attachment":[{"href":"https:\/\/demo9.thuythu.vn\/caybuoigroup\/wp-json\/wp\/v2\/media?parent=807"}],"curies":[{"name":"wp","href":"https:\/\/api.w.org\/{rel}","templated":true}]}}