{"id":615,"date":"2023-11-19T08:42:57","date_gmt":"2023-11-19T08:42:57","guid":{"rendered":"https:\/\/demo9.thuythu.vn\/caybuoigroup\/?page_id=615"},"modified":"2023-11-22T09:39:23","modified_gmt":"2023-11-22T09:39:23","slug":"tu-chon","status":"publish","type":"page","link":"https:\/\/demo9.thuythu.vn\/caybuoigroup\/tu-chon\/","title":{"rendered":"T\u1ef1 ch\u1ecdn"},"content":{"rendered":"<p><u><strong>Ch\u00fa \u00fd:<\/strong><\/u> Gi\u00e1 tr\u00ean ch\u01b0a bao g\u1ed3m VAT , li\u00ean h\u1ec7 nh\u00e0 h\u00e0ng \u0111\u1ec3 c\u00f3 gi\u00e1 ch\u00ednh x\u00e1c nh\u1ea5t t\u1ea1i th\u1eddi \u0111i\u1ec3m Qu\u00fd kh\u00e1ch \u0111\u1eb7t ti\u1ec7c.<br \/>\n<strong>1. \u0110i\u1ec1u kho\u1ea3n c\u1ecdc ti\u1ec7c:<\/strong><br \/>\n* 2.000.000\u0111 khi kh\u00e1ch \u0111\u1eb7t b\u00e0n ch\u01b0a c\u00f3 th\u1ee9c \u0103n.<br \/>\n* 30% gi\u00e1 tr\u1ecb bill t\u1ea1m t\u00ednh n\u1ebfu c\u00f3 \u0111\u1eb7t tr\u01b0\u1edbc m\u00f3n \u0103n.<br \/>\n&#8211; M\u1ecdi thay \u0111\u1ed5i v\u1ec1 th\u1ef1c \u0111\u01a1n vui l\u00f2ng b\u00e1o tr\u01b0\u1edbc 03 (ba) ng\u00e0y cho b\u1ed9 ph\u1eadn ti\u1ec7c c\u1ee7a Nh\u00e0 h\u00e0ng.<br \/>\n&#8211; N\u1ebfu Qu\u00fd kh\u00e1ch h\u1ee7y bu\u1ed5i ti\u1ec7c \u0111\u00e3 \u0111\u1eb7t tr\u01b0\u1edbc, Nh\u00e0 h\u00e0ng s\u1ebd kh\u00f4ng ho\u00e0n tr\u1ea3 l\u1ea1i ti\u1ec1n c\u1ecdc v\u00ec b\u1ea5t k\u1ef3 l\u00fd do n\u00e0o (do Nh\u00e0 h\u00e0ng \u0111\u00e3 ph\u1ea3i chi mua nguy\u00ean li\u1ec7u \u0111\u1ec3 chu\u1ea9n b\u1ecb ti\u1ec7c).<br \/>\n<strong>2. H\u00ecnh th\u1ee9c ho\u00e0n tr\u1ea3 c\u1ecdc:\u00a0<\/strong><br \/>\n&#8211; Chuy\u1ec3n kho\u1ea3n ho\u1eb7c ti\u1ec1n m\u1eb7t nh\u1eadn l\u1ea1i ti\u1ec1n m\u1eb7t t\u1ea1i qu\u1ea7y thu ng\u00e2n (k\u00e8m theo phi\u1ebfu \u0111\u1eb7t c\u1ecdc ti\u1ec7c)<\/p>\n","protected":false},"excerpt":{"rendered":"<p>Ch\u00fa \u00fd: Gi\u00e1 tr\u00ean ch\u01b0a bao g\u1ed3m VAT , li\u00ean h\u1ec7 nh\u00e0 h\u00e0ng \u0111\u1ec3 c\u00f3 gi\u00e1 ch\u00ednh x\u00e1c nh\u1ea5t t\u1ea1i th\u1eddi \u0111i\u1ec3m Qu\u00fd kh\u00e1ch \u0111\u1eb7t ti\u1ec7c. 1. \u0110i\u1ec1u kho\u1ea3n c\u1ecdc ti\u1ec7c: * 2.000.000\u0111 khi kh\u00e1ch \u0111\u1eb7t b\u00e0n ch\u01b0a c\u00f3 th\u1ee9c \u0103n. * 30% gi\u00e1 tr\u1ecb bill t\u1ea1m t\u00ednh n\u1ebfu c\u00f3 \u0111\u1eb7t tr\u01b0\u1edbc m\u00f3n \u0103n. &#8211; [&#8230;]\n","protected":false},"author":1,"featured_media":0,"parent":0,"menu_order":0,"comment_status":"closed","ping_status":"closed","template":"templates\/tu_chon.php","meta":{"footnotes":""},"acf":[],"lang":"vi","translations":{"vi":615},"pll_sync_post":[],"_links":{"self":[{"href":"https:\/\/demo9.thuythu.vn\/caybuoigroup\/wp-json\/wp\/v2\/pages\/615"}],"collection":[{"href":"https:\/\/demo9.thuythu.vn\/caybuoigroup\/wp-json\/wp\/v2\/pages"}],"about":[{"href":"https:\/\/demo9.thuythu.vn\/caybuoigroup\/wp-json\/wp\/v2\/types\/page"}],"author":[{"embeddable":true,"href":"https:\/\/demo9.thuythu.vn\/caybuoigroup\/wp-json\/wp\/v2\/users\/1"}],"replies":[{"embeddable":true,"href":"https:\/\/demo9.thuythu.vn\/caybuoigroup\/wp-json\/wp\/v2\/comments?post=615"}],"version-history":[{"count":5,"href":"https:\/\/demo9.thuythu.vn\/caybuoigroup\/wp-json\/wp\/v2\/pages\/615\/revisions"}],"predecessor-version":[{"id":840,"href":"https:\/\/demo9.thuythu.vn\/caybuoigroup\/wp-json\/wp\/v2\/pages\/615\/revisions\/840"}],"wp:attachment":[{"href":"https:\/\/demo9.thuythu.vn\/caybuoigroup\/wp-json\/wp\/v2\/media?parent=615"}],"curies":[{"name":"wp","href":"https:\/\/api.w.org\/{rel}","templated":true}]}}