{"id":563,"date":"2024-01-24T08:24:31","date_gmt":"2024-01-24T08:24:31","guid":{"rendered":"https:\/\/demo9.thuythu.vn\/azglobal\/?page_id=563"},"modified":"2024-01-25T08:42:21","modified_gmt":"2024-01-25T08:42:21","slug":"du-tru-chi-phi-dau-tu","status":"publish","type":"page","link":"https:\/\/demo9.thuythu.vn\/azglobal\/du-tru-chi-phi-dau-tu\/","title":{"rendered":"D\u1ef1 tr\u00f9 chi ph\u00ed \u0111\u1ea7u t\u01b0"},"content":{"rendered":"","protected":false},"excerpt":{"rendered":"","protected":false},"author":1,"featured_media":0,"parent":0,"menu_order":0,"comment_status":"closed","ping_status":"closed","template":"templates\/cost-estimate.php","meta":{"inline_featured_image":false,"footnotes":""},"acf":[],"lang":"vi","translations":{"vi":563,"en":1337},"pll_sync_post":[],"_links":{"self":[{"href":"https:\/\/demo9.thuythu.vn\/azglobal\/wp-json\/wp\/v2\/pages\/563"}],"collection":[{"href":"https:\/\/demo9.thuythu.vn\/azglobal\/wp-json\/wp\/v2\/pages"}],"about":[{"href":"https:\/\/demo9.thuythu.vn\/azglobal\/wp-json\/wp\/v2\/types\/page"}],"author":[{"embeddable":true,"href":"https:\/\/demo9.thuythu.vn\/azglobal\/wp-json\/wp\/v2\/users\/1"}],"replies":[{"embeddable":true,"href":"https:\/\/demo9.thuythu.vn\/azglobal\/wp-json\/wp\/v2\/comments?post=563"}],"version-history":[{"count":7,"href":"https:\/\/demo9.thuythu.vn\/azglobal\/wp-json\/wp\/v2\/pages\/563\/revisions"}],"predecessor-version":[{"id":1404,"href":"https:\/\/demo9.thuythu.vn\/azglobal\/wp-json\/wp\/v2\/pages\/563\/revisions\/1404"}],"wp:attachment":[{"href":"https:\/\/demo9.thuythu.vn\/azglobal\/wp-json\/wp\/v2\/media?parent=563"}],"curies":[{"name":"wp","href":"https:\/\/api.w.org\/{rel}","templated":true}]}}