{"id":1329,"date":"2024-02-01T02:54:50","date_gmt":"2024-02-01T02:54:50","guid":{"rendered":"https:\/\/demo9.thuythu.vn\/azglobal\/?page_id=942"},"modified":"2024-03-15T06:13:20","modified_gmt":"2024-03-15T06:13:20","slug":"estimate-settlement-costs","status":"publish","type":"page","link":"https:\/\/demo9.thuythu.vn\/azglobal\/en\/estimate-settlement-costs\/","title":{"rendered":"Estimate settlement costs"},"content":{"rendered":"<p><em>Mi\u1ec5n tr\u1eeb tr\u00e1ch nhi\u1ec7m:<\/em><br \/>\n<em>C\u00e1c chi ph\u00ed \u0111\u01b0\u1ee3c \u01b0\u1edbc t\u00ednh trong c\u00f4ng c\u1ee5 &#8220;D\u1ef1 tr\u00f9 chi ph\u00ed Ch\u01b0\u01a1ng tr\u00ecnh&#8221; c\u1ee7a ch\u00fang t\u00f4i ch\u1ec9 \u0111\u01b0\u1ee3c cung c\u1ea5p cho m\u1ee5c \u0111\u00edch th\u00f4ng tin. <\/em><br \/>\n<em>AZ Global khuy\u00ean b\u1ea1n n\u00ean li\u00ean h\u1ec7 tr\u1ef1c ti\u1ebfp v\u1edbi ch\u00fang t\u00f4i \u0111\u1ec3 nh\u1eadn \u0111\u01b0\u1ee3c b\u00e1o gi\u00e1 ch\u00ednh x\u00e1c nh\u1ea5t.<\/em><\/p>\n","protected":false},"excerpt":{"rendered":"<p>Mi\u1ec5n tr\u1eeb tr\u00e1ch nhi\u1ec7m: C\u00e1c chi ph\u00ed \u0111\u01b0\u1ee3c \u01b0\u1edbc t\u00ednh trong c\u00f4ng c\u1ee5 &#8220;D\u1ef1 tr\u00f9 chi ph\u00ed Ch\u01b0\u01a1ng tr\u00ecnh&#8221; c\u1ee7a ch\u00fang t\u00f4i ch\u1ec9 \u0111\u01b0\u1ee3c cung c\u1ea5p cho m\u1ee5c \u0111\u00edch th\u00f4ng tin. AZ Global khuy\u00ean b\u1ea1n n\u00ean li\u00ean h\u1ec7 tr\u1ef1c ti\u1ebfp v\u1edbi ch\u00fang t\u00f4i \u0111\u1ec3 nh\u1eadn \u0111\u01b0\u1ee3c b\u00e1o gi\u00e1 ch\u00ednh x\u00e1c nh\u1ea5t.<\/p>\n","protected":false},"author":1,"featured_media":0,"parent":0,"menu_order":0,"comment_status":"closed","ping_status":"closed","template":"templates\/settle-estimate.php","meta":{"inline_featured_image":false,"footnotes":""},"acf":[],"lang":"en","translations":{"en":1329,"vi":942},"pll_sync_post":[],"_links":{"self":[{"href":"https:\/\/demo9.thuythu.vn\/azglobal\/wp-json\/wp\/v2\/pages\/1329"}],"collection":[{"href":"https:\/\/demo9.thuythu.vn\/azglobal\/wp-json\/wp\/v2\/pages"}],"about":[{"href":"https:\/\/demo9.thuythu.vn\/azglobal\/wp-json\/wp\/v2\/types\/page"}],"author":[{"embeddable":true,"href":"https:\/\/demo9.thuythu.vn\/azglobal\/wp-json\/wp\/v2\/users\/1"}],"replies":[{"embeddable":true,"href":"https:\/\/demo9.thuythu.vn\/azglobal\/wp-json\/wp\/v2\/comments?post=1329"}],"version-history":[{"count":1,"href":"https:\/\/demo9.thuythu.vn\/azglobal\/wp-json\/wp\/v2\/pages\/1329\/revisions"}],"predecessor-version":[{"id":1342,"href":"https:\/\/demo9.thuythu.vn\/azglobal\/wp-json\/wp\/v2\/pages\/1329\/revisions\/1342"}],"wp:attachment":[{"href":"https:\/\/demo9.thuythu.vn\/azglobal\/wp-json\/wp\/v2\/media?parent=1329"}],"curies":[{"name":"wp","href":"https:\/\/api.w.org\/{rel}","templated":true}]}}