
{"id":2479,"date":"2024-11-13T04:03:13","date_gmt":"2024-11-13T04:03:13","guid":{"rendered":"https:\/\/demo9.thuythu.vn\/akahomes\/?page_id=2479"},"modified":"2024-11-14T02:09:56","modified_gmt":"2024-11-14T02:09:56","slug":"chinh-sach-bao-mat","status":"publish","type":"page","link":"https:\/\/demo9.thuythu.vn\/akahomes\/chinh-sach-bao-mat\/","title":{"rendered":"Ch\u00ednh s\u00e1ch b\u1ea3o m\u1eadt"},"content":{"rendered":"<div id=\"PARAGRAPH3890\" class=\"ladi-element\">\n<div class=\"ladi-paragraph\">\n<p>Ch\u00fang t\u00f4i, <strong>akahomes.vn<\/strong>\u00a0(sau \u0111\u00e2y \u0111\u01b0\u1ee3c g\u1ecdi l\u00e0 \u2018Trang\u2019 hay \u2018Ch\u00fang t\u00f4i\u2019) t\u00f4n tr\u1ecdng nh\u1eefng s\u1ef1 quan ng\u1ea1i v\u1ec1 quy\u1ec1n ri\u00eang t\u01b0 c\u1ee7a ng\u01b0\u1eddi d\u00f9ng tr\u00ean Trang, v\u00e0 \u0111\u00e3 t\u1ea1o tuy\u00ean b\u1ed1 quy\u1ec1n ri\u00eang t\u01b0 n\u00e0y \u0111\u1ec3 gi\u1ea3i th\u00edch v\u1ec1 nh\u1eefng th\u00f4ng tin m\u00e0 ch\u00fang t\u00f4i thu th\u1eadp khi b\u1ea1n truy c\u1eadp Trang, v\u00e0 c\u00e1ch s\u1eed d\u1ee5ng nh\u1eefng th\u00f4ng tin \u1ea5y.<\/p>\n<h2 class=\"wp-block-heading\"><strong>S\u1eed d\u1ee5ng th\u00f4ng tin<\/strong><\/h2>\n<p>L\u00e0 m\u1ed9t ch\u00ednh s\u00e1ch t\u1ed5ng qu\u00e1t, kh\u00f4ng th\u00f4ng tin \u0111\u1ecbnh danh c\u00e1 nh\u00e2n n\u00e0o, ch\u1eb3ng h\u1ea1n nh\u01b0 t\u00ean hay \u0111\u1ecba ch\u1ec9 c\u1ee7a b\u1ea1n, \u0111\u01b0\u1ee3c thu th\u1eadp t\u1ef1 \u0111\u1ed9ng t\u1eeb vi\u1ec7c truy c\u1eadp trang. Tuy nhi\u00ean, nh\u1eefng th\u00f4ng tin phi c\u00e1 nh\u00e2n nh\u1ea5t \u0111\u1ecbnh \u0111\u01b0\u1ee3c ghi ch\u00e9p theo ho\u1ea1t \u0111\u1ed9ng ti\u00eau chu\u1ea9n c\u1ee7a c\u00e1c internet server. Th\u00f4ng tin nh\u01b0 lo\u1ea1i tr\u00ecnh duy\u1ec7t \u0111\u01b0\u1ee3c s\u1eed d\u1ee5ng, h\u1ec7 \u0111i\u1ec1u h\u00e0nh, v\u00e0 \u0111\u1ecba ch\u1ec9 IP c\u1ee7a b\u1ea1n \u0111\u01b0\u1ee3c thu th\u1eadp \u0111\u1ec3 t\u0103ng c\u01b0\u1eddng tr\u1ea3i nghi\u1ec7m online c\u1ee7a b\u1ea1n.<\/p>\n<p>V\u00ed d\u1ee5, th\u00f4ng tin c\u00f3 th\u1ec3 \u0111\u01b0\u1ee3c d\u00f9ng \u0111\u1ec3 thi\u1ebft k\u1ebf n\u1ed9i dung v\u00e0 qu\u1ea3ng c\u00e1o theo s\u1ef1 quan t\u00e2m c\u1ee7a b\u1ea1n.<\/p>\n<p>Trong nh\u1eefng tr\u01b0\u1eddng h\u1ee3p \u0111\u1eb7c bi\u1ec7t, Ch\u00fang t\u00f4i c\u00f3 th\u1ec3 ti\u1ebft l\u1ed9 th\u00f4ng tin ng\u01b0\u1eddi d\u00f9ng khi c\u00f3 l\u00fd do \u0111\u1ec3 tin r\u1eb1ng vi\u1ec7c ti\u1ebft l\u1ed9 th\u00f4ng tin n\u00e0y l\u00e0 c\u1ea7n thi\u1ebft \u0111\u1ec3 x\u00e1c \u0111\u1ecbnh, li\u00ean h\u1ec7 hay c\u00f3 h\u00e0nh \u0111\u1ed9ng ph\u00e1p l\u00fd v\u1edbi ng\u01b0\u1eddi c\u00f3 th\u1ec3 g\u00e2y th\u01b0\u01a1ng t\u00edch ho\u1eb7c can thi\u1ec7p (c\u1ed1 \u00fd hay v\u00f4 \u00fd) c\u00e1c quy\u1ec1n ho\u1eb7c t\u00e0i s\u1ea3n c\u1ee7a Trang, nh\u1eefng ng\u01b0\u1eddi d\u00f9ng kh\u00e1c c\u1ee7a Trang, hay b\u1ea5t k\u1ef3 ai kh\u00e1c c\u00f3 th\u1ec3 b\u1ecb l\u00e0m h\u1ea1i b\u1edfi nh\u1eefng ho\u1ea1t \u0111\u1ed9ng nh\u01b0 th\u1ebf.<\/p>\n<h2 class=\"wp-block-heading\"><strong>B\u1ea3o m\u1eadt<\/strong><\/h2>\n<p>S\u1ef1 b\u1ea3o m\u1eadt \u0111\u1ed1i v\u1edbi t\u1ea5t c\u1ea3 m\u1ecdi th\u00f4ng tin c\u00f3 th\u1ec3 \u0111\u1ecbnh danh l\u00e0 \u0111i\u1ec1u c\u1ef1c k\u1ef3 quan tr\u1ecdng \u0111\u1ed1i v\u1edbi ch\u00fang t\u00f4i. Ti\u1ebfc l\u00e0, vi\u1ec7c truy\u1ec1n d\u1eef li\u1ec7u qua Internet kh\u00f4ng th\u1ec3 \u0111\u01b0\u1ee3c \u0111\u1ea3m b\u1ea3o an to\u00e0n 100%. M\u1eb7c d\u00f9 c\u1ed1 g\u1eafng b\u1ea3o v\u1ec7 th\u00f4ng tin c\u00e1 nh\u00e2n c\u1ee7a b\u1ea1n, ch\u00fang t\u00f4i kh\u00f4ng th\u1ec3 cam \u0111oan hay \u0111\u1ea3m b\u1ea3o s\u1ef1 b\u1ea3o m\u1eadt c\u1ee7a b\u1ea5t k\u1ef3 th\u00f4ng tin n\u00e0o m\u00e0 b\u1ea1n g\u1eedi cho ch\u00fang t\u00f4i t\u1eeb nh\u1eefng d\u1ea1ng online, v\u00e0 b\u1ea1n ch\u1ecbu m\u1ecdi r\u1ee7i ro khi l\u00e0m nh\u01b0 v\u1eady. Khi ch\u00fang t\u00f4i nh\u1eadn \u0111\u01b0\u1ee3c th\u00f4ng tin, ch\u00fang t\u00f4i s\u1ebd n\u1ed7 l\u1ef1c h\u1ebft m\u00ecnh \u0111\u1ec3 \u0111\u1ea3m b\u1ea3o b\u1ea3o m\u1eadt tr\u00ean c\u00e1c h\u1ec7 th\u1ed1ng c\u1ee7a m\u00ecnh.<\/p>\n<h2 class=\"wp-block-heading\"><strong>S\u1eed d\u1ee5ng Cookies<\/strong><\/h2>\n<p>Cookies l\u00e0 nh\u1eefng m\u1ea9u th\u00f4ng tin m\u00e0 m\u1ed9t trang web truy\u1ec1n \u0111\u1ebfn \u1ed5 c\u1ee9ng m\u00e1y t\u00ednh c\u00e1 nh\u00e2n v\u1edbi m\u1ee5c \u0111\u00edch ghi ch\u00e9p d\u1eef li\u1ec7u. Cookies \u0111\u01b0\u1ee3c d\u00f9ng \u0111\u1ec3 theo d\u00f5i c\u00e1c l\u01b0\u1ee3t truy c\u1eadp Trang v\u00e0 c\u00e1 nh\u00e2n h\u00f3a c\u00e1c Trang cho nh\u1eefng ng\u01b0\u1eddi \u0111\u0103ng k\u00fd m\u1edbi v\u00e0 hi\u1ec7n tai. H\u1ea7u h\u1ebft c\u00e1c tr\u00ecnh duy\u1ec7t \u0111\u1ec1u \u0111\u01b0\u1ee3c thi\u1ebft l\u1eadp ch\u1ea5p nh\u1eadn cookies; tuy nhi\u00ean, b\u1ea1n c\u00f3 th\u1ec3 c\u00e0i l\u1ea1i tr\u00ecnh duy\u1ec7t \u0111\u1ec3 t\u1eeb ch\u1ed1i t\u1ea5t c\u1ea3 c\u00e1c cookie hay n\u00eau r\u00f5 khi n\u00e0o th\u00ec g\u1eedi cookie. (L\u01b0u \u00fd: b\u1ea1n s\u1ebd c\u1ea7n xem h\u01b0\u1edbng d\u1eabn trong ph\u1ea7n tr\u1ee3 gi\u00fap c\u1ee7a \u1ee9ng d\u1ee5ng tr\u00ecnh duy\u1ec7t.) N\u1ebfu b\u1ea1n quy\u1ebft \u0111\u1ecbnh t\u1eaft thi\u1ebft l\u1eadp cookie hay kh\u00f4ng ch\u1ea5p nh\u1eadn cookie, m\u1ed9t s\u1ed1 ph\u1ea7n c\u1ee7a trang web ch\u00fang t\u00f4i c\u00f3 th\u1ec3 s\u1ebd kh\u00f4ng ho\u1ea1t \u0111\u1ed9ng \u0111\u00fang.<\/p>\n<h2 class=\"wp-block-heading\"><strong>D\u00f9ng c\u00e1c \u0111\u1ecba ch\u1ec9 IP<\/strong><\/h2>\n<p>\u0110\u1ecba ch\u1ec9 IP l\u00e0 m\u1ed9t con s\u1ed1 \u0111\u01b0\u1ee3c c\u1ea5p t\u1ef1 \u0111\u1ed9ng cho m\u00e1y t\u00ednh c\u1ee7a b\u1ea1n b\u1edfi nh\u00e0 cung c\u1ea5p Internet b\u1ea5t c\u1ee9 khi n\u00e0o b\u1ea1n l\u01b0\u1edbt Web. Khi b\u1ea1n y\u00eau c\u1ea7u c\u00e1c trang con t\u1eeb Trang, c\u00e1c server c\u1ee7a ch\u00fang t\u00f4i nh\u1eadp \u0111\u1ecba ch\u1ec9 IP c\u1ee7a b\u1ea1n. Ch\u00fang t\u00f4i thu th\u1eadp \u0111\u1ecba ch\u1ec9 IP v\u1edbi m\u1ee5c \u0111\u00edch qu\u1ea3n tr\u1ecb h\u1ec7 th\u1ed1ng, \u0111\u1ec3 b\u00e1o c\u00e1o th\u00f4ng tin t\u1ed5ng h\u1ee3p cho c\u00e1c nh\u00e0 cung c\u1ea5p, v\u00e0 ki\u1ec3m to\u00e1n vi\u1ec7c s\u1eed d\u1ee5ng Trang. Ch\u00fang t\u00f4i c\u00f3 th\u1ec3 d\u00f9ng c\u00e1c \u0111\u1ecba ch\u1ec9 IP ph\u1ed1i h\u1ee3p v\u1edbi nh\u00e0 cung c\u1ea5p Internet c\u1ee7a b\u1ea1n \u0111\u1ec3 x\u00e1c \u0111\u1ecbnh b\u1ea1n n\u1ebfu ch\u00fang t\u00f4i cho l\u00e0 c\u1ea7n thi\u1ebft \u0111\u1ec3 th\u1ef1c thi vi\u1ec7c tu\u00e2n th\u1ee7 \u0110i\u1ec1u kho\u1ea3n S\u1eed d\u1ee5ng c\u1ee7a ch\u00fang t\u00f4i hay \u0111\u1ec3 b\u1ea3o v\u1ec7 d\u1ecbch v\u1ee5, Trang, kh\u00e1ch h\u00e0ng, hay nh\u1eefng y\u1ebfu t\u1ed1 kh\u00e1c c\u1ee7a ch\u00fang t\u00f4i.<\/p>\n<h2 class=\"wp-block-heading\"><strong>Link \u0111\u1ebfn c\u00e1c trang kh\u00e1c<\/strong><\/h2>\n<p>Trang kh\u00f4ng ch\u1ecbu tr\u00e1ch nhi\u1ec7m v\u1ec1 n\u1ed9i dung hay vi\u1ec7c th\u1ef1c h\u00e0nh c\u1ee7a c\u00e1c trang web b\u00ean th\u1ee9 ba c\u00f3 th\u1ec3 \u0111\u01b0\u1ee3c li\u00ean k\u1ebft v\u1edbi Trang c\u1ee7a ch\u00fang t\u00f4i. Trang c\u1ee7a ch\u00fang t\u00f4i c\u00f3 th\u1ec3 li\u00ean k\u1ebft \u0111\u1ebfn nh\u1eefng trang web \u0111\u01b0\u1ee3c \u0111i\u1ec1u h\u00e0nh b\u1edfi c\u00e1c c\u00f4ng ty kh\u00e1c; ch\u00fang t\u00f4i kh\u00f4ng ch\u1ecbu tr\u00e1ch nhi\u1ec7m \u0111\u1ed1i v\u1edbi nh\u1eefng ho\u1ea1t \u0111\u1ed9ng ri\u00eang t\u01b0 c\u1ee7a nh\u1eefng trang web \u0111\u00f3.<\/p>\n<h2 class=\"wp-block-heading\"><strong>C\u00e1c cookie b\u00ean th\u1ee9 ba<\/strong><\/h2>\n<p>Trong qu\u00e1 tr\u00ecnh qu\u1ea3ng c\u00e1o tr\u00ean c\u00e1c trang c\u1ee7a ch\u00fang t\u00f4i, nh\u1eefng nh\u00e0 qu\u1ea3ng c\u00e1o b\u00ean th\u1ee9 ba c\u00f3 th\u1ec3 \u0111\u1eb7t hay nh\u1eadn ra m\u1ed9t \u201ccookie\u201d \u0111\u1eb7c bi\u1ec7t tr\u00ean tr\u00ecnh duy\u1ec7t c\u1ee7a b\u1ea1n.<\/p>\n<p>Ch\u00fang t\u00f4i s\u1eed d\u1ee5ng c\u00e1c c\u00f4ng ty qu\u1ea3ng c\u00e1o b\u00ean th\u1ee9 ba \u0111\u1ec3 qu\u1ea3ng c\u00e1o khi b\u1ea1n truy c\u1eadp Trang c\u1ee7a ch\u00fang t\u00f4i. C\u00e1c c\u00f4ng ty n\u00e0y c\u00f3 th\u1ec3 d\u00f9ng th\u00f4ng tin t\u1ed5ng h\u1ee3p (kh\u00f4ng bao g\u1ed3m t\u00ean, \u0111\u1ecba ch\u1ec9, \u0111\u1ecba ch\u1ec9 email hay s\u1ed1 \u0111i\u1ec7n tho\u1ea1i c\u1ee7a b\u1ea1n) v\u1ec1 nh\u1eefng l\u01b0\u1ee3t truy c\u1eadp c\u1ee7a b\u1ea1n \u0111\u1ebfn Trang n\u00e0y v\u00e0 c\u00e1c trang web kh\u00e1c \u0111\u1ec3 cung c\u1ea5p qu\u1ea3ng c\u00e1o v\u1ec1 c\u00e1c s\u1ea3n ph\u1ea9m v\u00e0 d\u1ecbch v\u1ee5 m\u00e0 b\u1ea1n quan t\u00e2m. N\u1ebfu b\u1ea1n mu\u1ed1n th\u00eam th\u00f4ng tin v\u1ec1 ho\u1ea1t \u0111\u1ed9ng n\u00e0y v\u00e0 bi\u1ebft nh\u1eefng ch\u1ecdn l\u1ef1a c\u1ee7a m\u00ecnh v\u1ec1 vi\u1ec7c kh\u00f4ng \u0111\u1ec3 c\u00e1c c\u00f4ng ty s\u1eed d\u1ee5ng nh\u1eefng th\u00f4ng tin n\u00e0y, h\u00e3y truy c\u1eadp Network Advertising Initiative hay Self-Regulatory Program for Online Behavioral Advertising. Google AdSense v\u00e0 c\u00e1c nh\u00e0 cung c\u1ea5p b\u00ean th\u1ee9 ba kh\u00e1c d\u00f9ng cookie \u0111\u1ec3 ph\u1ee5c v\u1ee5 qu\u1ea3ng c\u00e1o tr\u00ean nh\u1eefng trang web c\u1ee7a ch\u00fang t\u00f4i. Ng\u01b0\u1eddi d\u00f9ng c\u00f3 th\u1ec3 kh\u00f4ng tham gia s\u1eed d\u1ee5ng cookie DART c\u1ee7a ch\u00fang t\u00f4i b\u1eb1ng c\u00e1ch truy c\u1eadp Google v\u00e0 ch\u00ednh s\u00e1nh quy\u1ec1n ri\u00eang t\u01b0 v\u1ec1 m\u1ea1ng n\u1ed9i dung.<\/p>\n<h2 class=\"wp-block-heading\"><strong>Li\u00ean h\u1ec7 v\u1edbi ch\u00fang t\u00f4i<\/strong><\/h2>\n<p>N\u1ebfu b\u1ea1n c\u00f3 b\u1ea5t k\u1ef3 c\u00e2u h\u1ecfi n\u00e0o v\u1ec1 tuy\u00ean b\u1ed1 quy\u1ec1n ri\u00eang t\u01b0 n\u00e0y, c\u00e1c ho\u1ea1t \u0111\u1ed9ng tr\u00ean Trang c\u1ee7a ch\u00fang t\u00f4i, hay c\u00e1ch ch\u00fang t\u00f4i x\u1eed l\u00fd c\u00e1c Trang, b\u1ea1n c\u00f3 th\u1ec3 email \u0111\u1ebfn ch\u00fang t\u00f4i. Th\u00f4ng tin m\u00e0 b\u1ea1n cung c\u1ea5p th\u00f4ng qua th\u1eafc m\u1eafc qua email ch\u1eb3ng h\u1ea1n nh\u01b0 \u0111\u1ecba ch\u1ec9 email c\u1ee7a b\u1ea1n s\u1ebd ch\u1ec9 \u0111\u01b0\u1ee3c d\u00f9ng \u0111\u1ec3 ph\u1ea3n h\u1ed3i th\u1eafc m\u1eafc c\u1ee7a b\u1ea1n trong qu\u00e1 tr\u00ecnh kinh doanh th\u00f4ng th\u01b0\u1eddng v\u00e0 kh\u00f4ng bao gi\u1edd \u0111\u01b0\u1ee3c chia s\u1ebb v\u1edbi c\u00e1c b\u00ean th\u1ee9 ba.<\/p>\n<h2 class=\"wp-block-heading\"><strong>Ch\u1ea5p nh\u1eadn nh\u1eefng \u0111i\u1ec1u kho\u1ea3n n\u00e0y<\/strong><\/h2>\n<p>B\u1eb1ng c\u00e1ch d\u00f9ng Trang n\u00e0y, b\u1ea1n tuy\u00ean b\u1ed1 ch\u1ea5p nh\u1eadn Ch\u00ednh s\u00e1ch Quy\u1ec1n ri\u00eang t\u01b0. N\u1ebfu b\u1ea1n kh\u00f4ng \u0111\u1ed3ng \u00fd v\u1edbi ch\u00ednh s\u00e1ch n\u00e0y, vui l\u00f2ng kh\u00f4ng d\u00f9ng d\u1ecbch v\u1ee5 c\u1ee7a Trang ch\u00fang t\u00f4i. Ch\u00fang t\u00f4i c\u00f3 quy\u1ec1n \u0111i\u1ec1u ch\u1ec9nh, thay \u0111\u1ed5i hay c\u1eadp nh\u1eadt ch\u00ednh s\u00e1ch n\u00e0y v\u00e0o b\u1ea5t c\u1ee9 l\u00fac n\u00e0o. Ch\u00fang t\u00f4i khuy\u1ebfn kh\u00edch kh\u00e1ch truy c\u1eadp xem l\u1ea1i ch\u00ednh s\u00e1ch n\u00e0y th\u1ec9nh tho\u1ea3ng. Vi\u1ec7c b\u1ea1n ti\u1ebfp t\u1ee5c d\u00f9ng Trang sau khi \u0111\u0103ng nh\u1eefng thay \u0111\u1ed5i v\u1ec1 c\u00e1c \u0111i\u1ec1u kho\u1ea3n n\u00e0y \u00e1m ch\u1ec9 r\u1eb1ng b\u1ea1n ch\u1ea5p nh\u1eadn nh\u1eefng s\u1ef1 thay \u0111\u1ed5i.<\/p>\n<\/div>\n<\/div>\n","protected":false},"excerpt":{"rendered":"<p>Ch\u00fang t\u00f4i, akahomes.vn\u00a0(sau \u0111\u00e2y \u0111\u01b0\u1ee3c g\u1ecdi l\u00e0 \u2018Trang\u2019 hay \u2018Ch\u00fang t\u00f4i\u2019) t\u00f4n tr\u1ecdng nh\u1eefng s\u1ef1 quan ng\u1ea1i v\u1ec1 quy\u1ec1n ri\u00eang t\u01b0 c\u1ee7a ng\u01b0\u1eddi d\u00f9ng tr\u00ean Trang, v\u00e0 \u0111\u00e3 t\u1ea1o tuy\u00ean b\u1ed1 quy\u1ec1n ri\u00eang t\u01b0 n\u00e0y \u0111\u1ec3 gi\u1ea3i th\u00edch v\u1ec1 nh\u1eefng th\u00f4ng tin m\u00e0 ch\u00fang t\u00f4i thu th\u1eadp khi b\u1ea1n truy c\u1eadp Trang, v\u00e0 c\u00e1ch s\u1eed [&#8230;]\n","protected":false},"author":1,"featured_media":0,"parent":0,"menu_order":0,"comment_status":"closed","ping_status":"closed","template":"page-blank-title-center.php","meta":{"_acf_changed":false,"inline_featured_image":false,"footnotes":""},"class_list":["post-2479","page","type-page","status-publish","hentry"],"acf":[],"_links":{"self":[{"href":"https:\/\/demo9.thuythu.vn\/akahomes\/wp-json\/wp\/v2\/pages\/2479"}],"collection":[{"href":"https:\/\/demo9.thuythu.vn\/akahomes\/wp-json\/wp\/v2\/pages"}],"about":[{"href":"https:\/\/demo9.thuythu.vn\/akahomes\/wp-json\/wp\/v2\/types\/page"}],"author":[{"embeddable":true,"href":"https:\/\/demo9.thuythu.vn\/akahomes\/wp-json\/wp\/v2\/users\/1"}],"replies":[{"embeddable":true,"href":"https:\/\/demo9.thuythu.vn\/akahomes\/wp-json\/wp\/v2\/comments?post=2479"}],"version-history":[{"count":4,"href":"https:\/\/demo9.thuythu.vn\/akahomes\/wp-json\/wp\/v2\/pages\/2479\/revisions"}],"predecessor-version":[{"id":2528,"href":"https:\/\/demo9.thuythu.vn\/akahomes\/wp-json\/wp\/v2\/pages\/2479\/revisions\/2528"}],"wp:attachment":[{"href":"https:\/\/demo9.thuythu.vn\/akahomes\/wp-json\/wp\/v2\/media?parent=2479"}],"curies":[{"name":"wp","href":"https:\/\/api.w.org\/{rel}","templated":true}]}}