
{"id":1194,"date":"2024-11-04T03:40:30","date_gmt":"2024-11-04T03:40:30","guid":{"rendered":"https:\/\/demo9.thuythu.vn\/akahomes\/?page_id=1194"},"modified":"2024-11-04T04:02:43","modified_gmt":"2024-11-04T04:02:43","slug":"lien-he","status":"publish","type":"page","link":"https:\/\/demo9.thuythu.vn\/akahomes\/lien-he\/","title":{"rendered":"Li\u00ean h\u1ec7"},"content":{"rendered":"\t<section class=\"section banner_page\" id=\"section_2110893011\">\n\t\t<div class=\"bg section-bg fill bg-fill  bg-loaded\" >\n\n\t\t\t\n\t\t\t\n\t\t\t\n\n\t\t<\/div>\n\n\t\t\n\n\t\t<div class=\"section-content relative\">\n\t\t\t\n\t<div class=\"img has-hover x md-x lg-x y md-y lg-y\" id=\"image_1848318160\">\n\t\t\t\t\t\t\t\t<div class=\"img-inner dark\" >\n\t\t\t<img loading=\"lazy\" decoding=\"async\" width=\"1920\" height=\"936\" src=\"https:\/\/demo9.thuythu.vn\/akahomes\/wp-content\/uploads\/2024\/11\/image-19-1.jpg\" class=\"attachment-original size-original\" alt=\"\" srcset=\"https:\/\/demo9.thuythu.vn\/akahomes\/wp-content\/uploads\/2024\/11\/image-19-1.jpg 1920w, https:\/\/demo9.thuythu.vn\/akahomes\/wp-content\/uploads\/2024\/11\/image-19-1-800x390.jpg 800w, https:\/\/demo9.thuythu.vn\/akahomes\/wp-content\/uploads\/2024\/11\/image-19-1-1400x683.jpg 1400w, https:\/\/demo9.thuythu.vn\/akahomes\/wp-content\/uploads\/2024\/11\/image-19-1-768x374.jpg 768w, https:\/\/demo9.thuythu.vn\/akahomes\/wp-content\/uploads\/2024\/11\/image-19-1-1536x749.jpg 1536w\" sizes=\"(max-width: 1920px) 100vw, 1920px\" \/>\t\t\t\t\t\t\n\t\t\t\t\t<\/div>\n\t\t\t\t\t\t\t\t\n<style>\n#image_1848318160 {\n  width: 100%;\n}\n<\/style>\n\t<\/div>\n\t\n<div class=\"row\"  id=\"row-1237933172\">\n\n\t<div id=\"col-633497134\" class=\"col small-12 large-12\"  >\n\t\t\t\t<div class=\"col-inner\"  >\n\t\t\t\n\t\t\t<div class=\"breadcrumbs\"><div class=\"row\"><div class=\"col-xl-12\"><div id=\"breadcrumb\" class=\"navigation\"><nav class=\"breadcrumb\"><ul><li class=\"list_br\"><a title=\"Home\" itemprop=\"url\" href=\"https:\/\/demo9.thuythu.vn\/akahomes\"><cite itemprop=\"title\"><svg width=\"16\" height=\"16\" viewBox=\"0 0 16 16\" fill=\"none\" xmlns=\"http:\/\/www.w3.org\/2000\/svg\">\r\n<path d=\"M9.74954 14.4523V10.7022C9.74954 10.5364 9.68369 10.3774 9.56648 10.2602C9.44927 10.143 9.2903 10.0772 9.12454 10.0772H6.62454C6.45878 10.0772 6.29981 10.143 6.1826 10.2602C6.06539 10.3774 5.99954 10.5364 5.99954 10.7022V14.4523C5.99954 14.618 5.9337 14.777 5.81651 14.8942C5.69932 15.0114 5.54037 15.0772 5.37462 15.0773L1.62508 15.0777C1.543 15.0778 1.46171 15.0616 1.38588 15.0302C1.31004 14.9988 1.24113 14.9528 1.18309 14.8947C1.12504 14.8367 1.079 14.7678 1.04758 14.6919C1.01617 14.6161 1 14.5348 1 14.4527V7.22928C1 7.1422 1.01819 7.05609 1.05342 6.97646C1.08864 6.89683 1.14011 6.82543 1.20454 6.76685L7.45411 1.08445C7.56915 0.979845 7.71906 0.92188 7.87455 0.921875C8.03004 0.92187 8.17995 0.979825 8.295 1.08442L14.5454 6.76685C14.6099 6.82543 14.6613 6.89683 14.6966 6.97646C14.7318 7.0561 14.75 7.14222 14.75 7.2293V14.4528C14.75 14.5348 14.7338 14.6161 14.7024 14.6919C14.671 14.7678 14.625 14.8367 14.5669 14.8947C14.5089 14.9528 14.44 14.9988 14.3641 15.0302C14.2883 15.0616 14.207 15.0778 14.1249 15.0778L10.3745 15.0773C10.2087 15.0772 10.0498 15.0114 9.93257 14.8942C9.81538 14.777 9.74954 14.618 9.74954 14.4523V14.4523Z\" stroke=\"#333333\" stroke-linecap=\"round\" stroke-linejoin=\"round\"\/>\r\n<\/svg>\r\n<\/cite><\/a><\/li><span class=\"divider\"><svg width=\"5\" height=\"8\" viewBox=\"0 0 5 8\" fill=\"none\" xmlns=\"http:\/\/www.w3.org\/2000\/svg\">\r\n<path d=\"M0.75 1L3.75 4L0.75 7\" stroke=\"#333333\" stroke-linecap=\"round\" stroke-linejoin=\"round\"\/>\r\n<\/svg>\r\n<\/span><\/ul><\/nav><\/div><\/div><\/div><\/div>\n\n\t\t<\/div>\n\t\t\t\t\t<\/div>\n\n\t\n<\/div>\n\t\t<\/div>\n\n\t\t\n<style>\n#section_2110893011 {\n  padding-top: 0px;\n  padding-bottom: 0px;\n}\n<\/style>\n\t<\/section>\n\t\n\t<section class=\"section contact_sec_1\" id=\"section_232141677\">\n\t\t<div class=\"bg section-bg fill bg-fill  bg-loaded\" >\n\n\t\t\t\n\t\t\t\n\t\t\t\n\n\t\t<\/div>\n\n\t\t\n\n\t\t<div class=\"section-content relative\">\n\t\t\t\n<div class=\"row align-center\"  id=\"row-1666710092\">\n\n\t<div id=\"col-5674655\" class=\"col medium-10 small-12 large-10\"  >\n\t\t\t\t<div class=\"col-inner\"  >\n\t\t\t\n\t\t\t\n\t<div id=\"stack-3696206874\" class=\"stack wrap_content_contact stack-row justify-start items-stretch\">\n\t\t\n\t<div class=\"img has-hover logo x md-x lg-x y md-y lg-y\" id=\"image_1719565348\">\n\t\t\t\t\t\t\t\t<div class=\"img-inner dark\" >\n\t\t\t<img loading=\"lazy\" decoding=\"async\" width=\"197\" height=\"51\" src=\"https:\/\/demo9.thuythu.vn\/akahomes\/wp-content\/uploads\/2024\/11\/Group-2.svg\" class=\"attachment-original size-original\" alt=\"\" \/>\t\t\t\t\t\t\n\t\t\t\t\t<\/div>\n\t\t\t\t\t\t\t\t\n<style>\n#image_1719565348 {\n  width: 28%;\n}\n<\/style>\n\t<\/div>\n\t\n\t<div id=\"text-3536808258\" class=\"text\">\n\t\t\n<p><strong>\u0110\u1ecba ch\u1ec9<\/strong><\/p>\n<p>112 \u0111\u01b0\u1eddng B2, K\u0110T Sala, ph\u01b0\u1eddng An L\u1ee3i \u0110\u00f4ng, th\u00e0nh ph\u1ed1 Th\u1ee7 \u0110\u1ee9c, HCMC<\/p>\n\t\t\t<\/div>\n\t\n\t<div id=\"text-3763509859\" class=\"text\">\n\t\t\n<p><strong>Hotline<\/strong><\/p>\n<p>0917 587 387<\/p>\n\t\t\t<\/div>\n\t\n\t<div id=\"text-3542667477\" class=\"text\">\n\t\t\n<p><strong>Email<\/strong><\/p>\n<p>info@akahomes.com.vn<\/p>\n\t\t\t<\/div>\n\t\n\t\t\n<style>\n#stack-3696206874 > * {\n  --stack-gap: 0rem;\n}\n<\/style>\n\t<\/div>\n\t\n\t\t<div class=\"map_section\">\n\t\t\t\t\n<p><iframe src=\"https:\/\/www.google.com\/maps\/embed?pb=!1m18!1m12!1m3!1d3919.586137507486!2d106.72354837574407!3d10.766344889381823!2m3!1f0!2f0!3f0!3m2!1i1024!2i768!4f13.1!3m3!1m2!1s0xa2140e657b3ba85%3A0x8d625a59b63303eb!2sAKA%20HOMES!5e0!3m2!1sen!2s!4v1730692037223!5m2!1sen!2s\" width=\"600\" height=\"450\" style=\"border:0;\" allowfullscreen=\"\" loading=\"lazy\" referrerpolicy=\"no-referrer-when-downgrade\"><\/iframe><br \/>\n\t\t<\/div>\n\t\n\t\t<\/div>\n\t\t\t\t\t<\/div>\n\n\t\n<\/div>\n\t\t<\/div>\n\n\t\t\n<style>\n#section_232141677 {\n  padding-top: 30px;\n  padding-bottom: 30px;\n}\n<\/style>\n\t<\/section>\n\t\n\t<section class=\"section contact_sec_2\" id=\"section_482393342\">\n\t\t<div class=\"bg section-bg fill bg-fill  bg-loaded\" >\n\n\t\t\t\n\t\t\t\n\t\t\t\n\n\t\t<\/div>\n\n\t\t\n\n\t\t<div class=\"section-content relative\">\n\t\t\t\n<div class=\"row\"  id=\"row-1282892840\">\n\n\t<div id=\"col-308135051\" class=\"col medium-3 small-12 large-3\"  >\n\t\t\t\t<div class=\"col-inner\"  >\n\t\t\t\n\t\t\t\n\t<div id=\"text-962442751\" class=\"text group_heading\">\n\t\t\n<h2><span style=\"color: #d1e282;\"><strong>Chi nh\u00e1nh<\/strong><\/span><\/h2>\n\t\t\n<style>\n#text-962442751 {\n  text-align: left;\n}\n<\/style>\n\t<\/div>\n\t\n<div class=\"accordion text_white\">\n\t<div id=\"accordion-2991101281\" class=\"accordion-item\">\n\t\t<a id=\"accordion-2991101281-label\" class=\"accordion-title plain active\" href=\"#accordion-item-vp-th\u1ee7-\u0110\u1ee9c\" aria-expanded=\"true\" aria-controls=\"accordion-2991101281-content\" >\n\t\t\t<button class=\"toggle\" aria-label=\"Chuy\u1ec3n \u0111\u1ed5i\"><i class=\"icon-angle-down\"><\/i><\/button>\n\t\t\t<span>VP Th\u1ee7 \u0110\u1ee9c<\/span>\n\t\t<\/a>\n\t\t<div id=\"accordion-2991101281-content\" class=\"accordion-inner\" style=\"display: block;\" aria-labelledby=\"accordion-2991101281-label\" >\n\t\t\t\n<p><strong>\u0110\u1ecba ch\u1ec9:<br \/><\/strong>112 \u0111\u01b0\u1eddng B2, K\u0110T Sala, ph\u01b0\u1eddng An L\u1ee3i \u0110\u00f4ng, th\u00e0nh ph\u1ed1 Th\u1ee7 \u0110\u1ee9c, HCMC<br \/><strong>S\u1ed1 \u0111i\u1ec7n tho\u1ea1i:<\/strong> 0917 587 387<br \/><strong>Email:<\/strong> info@akahomes.com.vn<strong><br \/><\/strong><\/p>\n\t\t<\/div>\n\t<\/div>\n\t\n\t<div id=\"accordion-3827144354\" class=\"accordion-item\">\n\t\t<a id=\"accordion-3827144354-label\" class=\"accordion-title plain\" href=\"#accordion-item-chi-nh\u00e1nh-c\u1ed9ng-h\u00f2a\" aria-expanded=\"false\" aria-controls=\"accordion-3827144354-content\" >\n\t\t\t<button class=\"toggle\" aria-label=\"Chuy\u1ec3n \u0111\u1ed5i\"><i class=\"icon-angle-down\"><\/i><\/button>\n\t\t\t<span>Chi nh\u00e1nh C\u1ed9ng H\u00f2a<\/span>\n\t\t<\/a>\n\t\t<div id=\"accordion-3827144354-content\" class=\"accordion-inner\" aria-labelledby=\"accordion-3827144354-label\" >\n\t\t\t\n<p><strong>\u0110\u1ecba ch\u1ec9:<br \/><\/strong>112 \u0111\u01b0\u1eddng B2, K\u0110T Sala, ph\u01b0\u1eddng An L\u1ee3i \u0110\u00f4ng, th\u00e0nh ph\u1ed1 Th\u1ee7 \u0110\u1ee9c, HCMC<br \/><strong>S\u1ed1 \u0111i\u1ec7n tho\u1ea1i:<\/strong> 0917 587 387<br \/><strong>Email:<\/strong> info@akahomes.com.vn<strong><br \/><\/strong><\/p>\n\t\t<\/div>\n\t<\/div>\n\t\n\t<div id=\"accordion-3284856853\" class=\"accordion-item\">\n\t\t<a id=\"accordion-3284856853-label\" class=\"accordion-title plain\" href=\"#accordion-item-chi-nh\u00e1nh-d\u0129-an\" aria-expanded=\"false\" aria-controls=\"accordion-3284856853-content\" >\n\t\t\t<button class=\"toggle\" aria-label=\"Chuy\u1ec3n \u0111\u1ed5i\"><i class=\"icon-angle-down\"><\/i><\/button>\n\t\t\t<span>Chi nh\u00e1nh D\u0129 An<\/span>\n\t\t<\/a>\n\t\t<div id=\"accordion-3284856853-content\" class=\"accordion-inner\" aria-labelledby=\"accordion-3284856853-label\" >\n\t\t\t\n<p><strong>\u0110\u1ecba ch\u1ec9:<br \/><\/strong>112 \u0111\u01b0\u1eddng B2, K\u0110T Sala, ph\u01b0\u1eddng An L\u1ee3i \u0110\u00f4ng, th\u00e0nh ph\u1ed1 Th\u1ee7 \u0110\u1ee9c, HCMC<br \/><strong>S\u1ed1 \u0111i\u1ec7n tho\u1ea1i:<\/strong> 0917 587 387<br \/><strong>Email:<\/strong> info@akahomes.com.vn<strong><br \/><\/strong><\/p>\n\t\t<\/div>\n\t<\/div>\n\t\n\t<div id=\"accordion-3264792687\" class=\"accordion-item\">\n\t\t<a id=\"accordion-3264792687-label\" class=\"accordion-title plain\" href=\"#accordion-item-chi-nh\u00e1nh-b\u1ebfn-c\u00e1t\" aria-expanded=\"false\" aria-controls=\"accordion-3264792687-content\" >\n\t\t\t<button class=\"toggle\" aria-label=\"Chuy\u1ec3n \u0111\u1ed5i\"><i class=\"icon-angle-down\"><\/i><\/button>\n\t\t\t<span>Chi nh\u00e1nh B\u1ebfn C\u00e1t<\/span>\n\t\t<\/a>\n\t\t<div id=\"accordion-3264792687-content\" class=\"accordion-inner\" aria-labelledby=\"accordion-3264792687-label\" >\n\t\t\t\n<p><strong>\u0110\u1ecba ch\u1ec9:<br \/><\/strong>112 \u0111\u01b0\u1eddng B2, K\u0110T Sala, ph\u01b0\u1eddng An L\u1ee3i \u0110\u00f4ng, th\u00e0nh ph\u1ed1 Th\u1ee7 \u0110\u1ee9c, HCMC<br \/><strong>S\u1ed1 \u0111i\u1ec7n tho\u1ea1i:<\/strong> 0917 587 387<br \/><strong>Email:<\/strong> info@akahomes.com.vn<strong><br \/><\/strong><\/p>\n\t\t<\/div>\n\t<\/div>\n\t\n<\/div>\n\t\t<\/div>\n\t\t\t\t\t<\/div>\n\n\t\n\n\t<div id=\"col-244648230\" class=\"col medium-9 small-12 large-9\"  >\n\t\t\t\t<div class=\"col-inner\"  >\n\t\t\t\n\t\t\t\n\t<div class=\"img has-hover contact_sec_2_img x md-x lg-x y md-y lg-y\" id=\"image_932888022\">\n\t\t\t\t\t\t\t\t<div class=\"img-inner dark\" >\n\t\t\t<img loading=\"lazy\" decoding=\"async\" width=\"947\" height=\"576\" src=\"https:\/\/demo9.thuythu.vn\/akahomes\/wp-content\/uploads\/2024\/11\/1-\u2192-chi-nhanh-DBP.jpg.jpg\" class=\"attachment-large size-large\" alt=\"\" srcset=\"https:\/\/demo9.thuythu.vn\/akahomes\/wp-content\/uploads\/2024\/11\/1-\u2192-chi-nhanh-DBP.jpg.jpg 947w, https:\/\/demo9.thuythu.vn\/akahomes\/wp-content\/uploads\/2024\/11\/1-\u2192-chi-nhanh-DBP.jpg-658x400.jpg 658w, https:\/\/demo9.thuythu.vn\/akahomes\/wp-content\/uploads\/2024\/11\/1-\u2192-chi-nhanh-DBP.jpg-768x467.jpg 768w\" sizes=\"(max-width: 947px) 100vw, 947px\" \/>\t\t\t\t\t\t\n\t\t\t\t\t<\/div>\n\t\t\t\t\t\t\t\t\n<style>\n#image_932888022 {\n  width: 100%;\n}\n<\/style>\n\t<\/div>\n\t\n\t\t<\/div>\n\t\t\t\t\t<\/div>\n\n\t\n<\/div>\n\t\t<\/div>\n\n\t\t\n<style>\n#section_482393342 {\n  padding-top: 30px;\n  padding-bottom: 30px;\n  background-color: rgb(1, 98, 67);\n}\n<\/style>\n\t<\/section>\n\t\n\t<section class=\"section contact_sec_3\" id=\"section_1409508801\">\n\t\t<div class=\"bg section-bg fill bg-fill  bg-loaded\" >\n\n\t\t\t\n\t\t\t\n\t\t\t\n\n\t\t<\/div>\n\n\t\t\n\n\t\t<div class=\"section-content relative\">\n\t\t\t\n<div class=\"row align-center\"  id=\"row-1783338660\">\n\n\t<div id=\"col-2108745379\" class=\"col form_contact_inner medium-10 small-12 large-10\"  >\n\t\t\t\t<div class=\"col-inner\"  >\n\t\t\t\n\t\t\t\n\t<div id=\"text-2166278494\" class=\"text group_heading\">\n\t\t\n<h2><strong>Li\u00ean h\u1ec7<\/strong><\/h2>\n\t\t\n<style>\n#text-2166278494 {\n  text-align: left;\n}\n<\/style>\n\t<\/div>\n\t\n<p><span style=\"color: #ff0000;\">*<\/span> C\u00e1c tr\u01b0\u1eddng th\u00f4ng tin b\u1eaft bu\u1ed9c<\/p>\n\n<div class=\"wpcf7 no-js\" id=\"wpcf7-f1204-o1\" lang=\"vi\" dir=\"ltr\">\n<div class=\"screen-reader-response\"><p role=\"status\" aria-live=\"polite\" aria-atomic=\"true\"><\/p> <ul><\/ul><\/div>\n<form action=\"\/akahomes\/wp-json\/wp\/v2\/pages\/1194#wpcf7-f1204-o1\" method=\"post\" class=\"wpcf7-form init\" aria-label=\"Form li\u00ean h\u1ec7\" novalidate=\"novalidate\" data-status=\"init\">\n<div style=\"display: none;\">\n<input type=\"hidden\" name=\"_wpcf7\" value=\"1204\" \/>\n<input type=\"hidden\" name=\"_wpcf7_version\" value=\"5.9.8\" \/>\n<input type=\"hidden\" name=\"_wpcf7_locale\" value=\"vi\" \/>\n<input type=\"hidden\" name=\"_wpcf7_unit_tag\" value=\"wpcf7-f1204-o1\" \/>\n<input type=\"hidden\" name=\"_wpcf7_container_post\" value=\"0\" \/>\n<input type=\"hidden\" name=\"_wpcf7_posted_data_hash\" value=\"\" \/>\n<\/div>\n<div style=\"display: none\"><p><span class=\"wpcf7-form-control-wrap\" data-name=\"devtt\"><input size=\"40\" class=\"wpcf7-form-control wpcf7-text\" aria-invalid=\"false\" value=\"\" type=\"text\" name=\"devtt\"><\/span><\/p><\/div><div class=\"wrap_form\">\n\t<div class=\"row\">\n\t\t<div class=\"col large-12 medium-12 \">\n\t\t\t<p><label>H\u1ecd t\u00ean <span>*<\/span><\/label><br \/>\n<span class=\"wpcf7-form-control-wrap\" data-name=\"your-name\"><input size=\"40\" maxlength=\"400\" class=\"wpcf7-form-control wpcf7-text wpcf7-validates-as-required\" autocomplete=\"name\" aria-required=\"true\" aria-invalid=\"false\" placeholder=\"Nh\u1eadp h\u1ecd v\u00e0 t\u00ean c\u1ee7a b\u1ea1n\" value=\"\" type=\"text\" name=\"your-name\" \/><\/span>\n\t\t\t<\/p>\n\t\t<\/div>\n\t\t<div class=\"col large-6 medium-6 \">\n\t\t\t<p><label>Email <span>*<\/span><\/label><br \/>\n<span class=\"wpcf7-form-control-wrap\" data-name=\"your-email\"><input size=\"40\" maxlength=\"400\" class=\"wpcf7-form-control wpcf7-email wpcf7-validates-as-required wpcf7-text wpcf7-validates-as-email\" autocomplete=\"email\" aria-required=\"true\" aria-invalid=\"false\" placeholder=\"Nh\u1eadp email c\u1ee7a b\u1ea1n\" value=\"\" type=\"email\" name=\"your-email\" \/><\/span>\n\t\t\t<\/p>\n\t\t<\/div>\n\t\t<div class=\"col large-6 medium-6 \">\n\t\t\t<p><label>S\u1ed1 \u0111i\u1ec7n tho\u1ea1i <span>*<\/span><\/label><br \/>\n<span class=\"wpcf7-form-control-wrap\" data-name=\"tel-258\"><input size=\"40\" maxlength=\"400\" class=\"wpcf7-form-control wpcf7-tel wpcf7-validates-as-required wpcf7-text wpcf7-validates-as-tel\" aria-required=\"true\" aria-invalid=\"false\" placeholder=\"Nh\u1eadp s\u1ed1 \u0111i\u1ec7n tho\u1ea1i c\u1ee7a b\u1ea1n\" value=\"\" type=\"tel\" name=\"tel-258\" \/><\/span>\n\t\t\t<\/p>\n\t\t<\/div>\n\t\t<div class=\"col large-12 medium-12 \">\n\t\t\t<p><label>L\u1eddi nh\u1eafn<\/label><br \/>\n<span class=\"wpcf7-form-control-wrap\" data-name=\"content\"><input size=\"40\" maxlength=\"400\" class=\"wpcf7-form-control wpcf7-text\" aria-invalid=\"false\" placeholder=\"Nh\u1eadp l\u1eddi nh\u1eafn\" value=\"\" type=\"text\" name=\"content\" \/><\/span>\n\t\t\t<\/p>\n\t\t<\/div>\n\t\t<div class=\"col large-12 medium-12 \">\n\t\t\t<div class=\"button primary lowercase reveal-icon button_style style_2\" style=\"border-radius:99px;\">\n\t\t\t\t<p><span>Y\u00eau c\u1ea7u t\u01b0 v\u1ea5n<\/span><i class=\"icon-angle-right\" aria-hidden=\"true\"><\/i><input class=\"wpcf7-form-control wpcf7-submit has-spinner\" type=\"submit\" value=\"G\u1eedi\" \/>\n\t\t\t\t<\/p>\n\t\t\t<\/div>\n\t\t<\/div>\n\t<\/div>\n<\/div><div class=\"wpcf7-response-output\" aria-hidden=\"true\"><\/div>\n<\/form>\n<\/div>\n\n\t\t<\/div>\n\t\t\t\t\t<\/div>\n\n\t\n<\/div>\n\t\t<\/div>\n\n\t\t\n<style>\n#section_1409508801 {\n  padding-top: 30px;\n  padding-bottom: 30px;\n}\n<\/style>\n\t<\/section>\n\t\n","protected":false},"excerpt":{"rendered":"","protected":false},"author":1,"featured_media":0,"parent":0,"menu_order":0,"comment_status":"closed","ping_status":"closed","template":"page-blank.php","meta":{"_acf_changed":false,"inline_featured_image":false,"footnotes":""},"class_list":["post-1194","page","type-page","status-publish","hentry"],"acf":[],"_links":{"self":[{"href":"https:\/\/demo9.thuythu.vn\/akahomes\/wp-json\/wp\/v2\/pages\/1194"}],"collection":[{"href":"https:\/\/demo9.thuythu.vn\/akahomes\/wp-json\/wp\/v2\/pages"}],"about":[{"href":"https:\/\/demo9.thuythu.vn\/akahomes\/wp-json\/wp\/v2\/types\/page"}],"author":[{"embeddable":true,"href":"https:\/\/demo9.thuythu.vn\/akahomes\/wp-json\/wp\/v2\/users\/1"}],"replies":[{"embeddable":true,"href":"https:\/\/demo9.thuythu.vn\/akahomes\/wp-json\/wp\/v2\/comments?post=1194"}],"version-history":[{"count":6,"href":"https:\/\/demo9.thuythu.vn\/akahomes\/wp-json\/wp\/v2\/pages\/1194\/revisions"}],"predecessor-version":[{"id":1205,"href":"https:\/\/demo9.thuythu.vn\/akahomes\/wp-json\/wp\/v2\/pages\/1194\/revisions\/1205"}],"wp:attachment":[{"href":"https:\/\/demo9.thuythu.vn\/akahomes\/wp-json\/wp\/v2\/media?parent=1194"}],"curies":[{"name":"wp","href":"https:\/\/api.w.org\/{rel}","templated":true}]}}