{"id":506,"date":"2024-11-06T14:21:40","date_gmt":"2024-11-06T07:21:40","guid":{"rendered":"https:\/\/demo9.thuythu.vn\/aduong\/?post_type=product&#038;p=506"},"modified":"2024-11-11T11:15:57","modified_gmt":"2024-11-11T04:15:57","slug":"keo-ramset-epcon-g5-pro-sao-chep-12","status":"publish","type":"product","link":"https:\/\/demo9.thuythu.vn\/aduong\/san-pham\/keo-ramset-epcon-g5-pro-sao-chep-12\/","title":{"rendered":"M\u00c1Y M\u00c0I C\u1ea6M TAY C\u00d3 H\u00daT B\u1ee4I HL 980"},"content":{"rendered":"<div class=\"dsconts desc\">\n<h2><b>Gi\u1edbi thi\u1ec7u chung v\u1ec1 keo Ramset Epcon G5 Pro<\/b><\/h2>\n<p>keo\u00a0Ramser Epcon G5 Pro l\u00e0<b>\u00a0<\/b>h\u00f3a ch\u1ea5t neo c\u1ea5y th\u00e9p g\u1ed1c Epoxy hai th\u00e0nh ph\u1ea7n, c\u01b0\u1eddng \u0111\u1ed9 cao, \u0111\u00f4ng c\u1ee9ng nhanh v\u00e0 ch\u1ecbu \u0111\u01b0\u1ee3c s\u1ef1 rung \u0111\u1ed9ng. S\u1ea3n ph\u1ea9m \u0111\u01b0\u1ee3c \u0111\u00f3ng trong tu\u00fdp nh\u1ef1a c\u1ee9ng m\u00e0u \u0111en \u2013 cam theo t\u1ef7 l\u1ec7 2:1 v\u1edbi t\u1ed5ng dung t\u00edch l\u00e0 600ml. Keo Ramset Epcon G5 Pro cho ph\u00e9p thi c\u00f4ng \u0111\u01b0\u1ee3c v\u1edbi \u0111i\u1ec1u ki\u1ec7n v\u1eadt li\u1ec7u n\u1ec1n kh\u00f4 r\u00e1o, \u1ea9m \u01b0\u1edbt hay ng\u1eadp n\u01b0\u1edbc. Keo ph\u00f9 h\u1ee3p v\u1edbi l\u1ed7 khoan b\u1eb1ng m\u00e1y khoan b\u00faa ho\u1eb7c m\u00e1y khoan \u1ed1ng kim c\u01b0\u01a1ng \u1edf \u0111i\u1ec1u ki\u1ec7n nhi\u1ec7t \u0111\u1ed9 n\u1ec1n t\u1eeb 30 \u2013 35 \u0111\u1ed9 C, th\u1eddi gian l\u1eafp \u0111\u1eb7t cho ph\u00e9p \u0111\u1ebfn 8 ph\u00fat, th\u1eddi gian \u0111\u00f4ng c\u1ee9ng v\u00e0 \u0111\u1ee7 l\u1ef1c t\u1ea3i ch\u1ec9 trong v\u00f2ng 4 gi\u1edd.S\u1ea3n ph\u1ea9m c\u00f3 th\u1eddi h\u1ea1n s\u1eed d\u1ee5ng l\u00e0 18 th\u00e1ng k\u1ec3 t\u1eeb ng\u00e0y s\u1ea3n xu\u1ea5t.<\/p>\n<figure id=\"attachment_468\" aria-describedby=\"caption-attachment-468\" style=\"width: 400px\" class=\"wp-caption aligncenter\"><img loading=\"lazy\" decoding=\"async\" class=\"size-medium wp-image-468\" src=\"https:\/\/demo9.thuythu.vn\/aduong\/wp-content\/uploads\/2024\/11\/keo_ramset-400x400.jpg\" alt=\"Keo rammset G5 Pro\" width=\"400\" height=\"400\" srcset=\"https:\/\/demo9.thuythu.vn\/aduong\/wp-content\/uploads\/2024\/11\/keo_ramset-400x400.jpg 400w, https:\/\/demo9.thuythu.vn\/aduong\/wp-content\/uploads\/2024\/11\/keo_ramset-280x280.jpg 280w, https:\/\/demo9.thuythu.vn\/aduong\/wp-content\/uploads\/2024\/11\/keo_ramset-100x100.jpg 100w, https:\/\/demo9.thuythu.vn\/aduong\/wp-content\/uploads\/2024\/11\/keo_ramset.jpg 500w\" sizes=\"(max-width: 400px) 100vw, 400px\" \/><figcaption id=\"caption-attachment-468\" class=\"wp-caption-text\">Keo rammset G5 Pro<\/figcaption><\/figure>\n<h2><b>Nh\u1eefng \u1ee9ng d\u1ee5ng c\u1ee7a keo Ramset Epcon G5 Pro<\/b><\/h2>\n<p><b>.<\/b>\u00a0T\u1ea1o th\u00e9p ch\u1edd cho c\u1ed9t, d\u1ea7m, s\u00e0n m\u1ed9t c\u00e1ch d\u1ec5 d\u00e0ng, nhanh ch\u00f3ng v\u00e0 ch\u00ednh x\u00e1c.<\/p>\n<p><b>.\u00a0<\/b>C\u1ea3i t\u1ea1o c\u00f4ng tr\u00ecnh c\u0169: b\u1ed5 sung c\u1ed9t, d\u1ea7m, m\u1edf r\u1ed9ng s\u00e0n b\u00ea t\u00f4ng, lan can,&#8230;<\/p>\n<p><b>.\u00a0<\/b>L\u1eafp \u0111\u1eb7t c\u00e1c k\u1ebft c\u1ea5u th\u00e9p nh\u01b0 d\u1ea7m, c\u1ed9t, k\u00e8o, c\u1ea7u thang m\u00e1y, c\u1ea7u thang tho\u00e1t hi\u1ec3m, m\u00e1i che,&#8230; v\u00e0o b\u00ea t\u00f4ng.<\/p>\n<p><b>.\u00a0<\/b>B\u1ed5 sung th\u00e9p ch\u1edd, bu l\u00f4ng ch\u1edd v\u00e0o nh\u1eefng v\u1ecb tr\u00ed b\u1ecb g\u00e3y, sai ho\u1eb7c thi\u1ebfu.<\/p>\n<p><b>.\u00a0<\/b>L\u1eafp \u0111\u1eb7t c\u00e1c thi\u1ebft b\u1ecb m\u00e1y m\u00f3c c\u00f3 t\u1ea3i tr\u1ecdng l\u1edbn v\u00e0 \u0111\u1ed9 rung \u0111\u1ed9ng cao trong qu\u00e1 tr\u00ecnh v\u1eadn h\u00e0nh.<\/p>\n<p><b>.\u00a0<\/b>C\u1ea5y thanh ren v\u00e0o b\u00ea t\u00f4ng t\u1ea1o bu l\u00f4ng ch\u1edd \u0111\u1ec3 l\u1eafp \u0111\u1eb7t c\u00e1c k\u1ebft c\u1ea5u th\u00e9p, m\u00e1y c\u00f4ng nghi\u1ec7p,&#8230;<\/p>\n<h3><b>\u01afu \u0111i\u1ec3m v\u01b0\u1ee3t tr\u1ed9i c\u1ee7a keo Ramset Epcon G5 Pro<\/b><\/h3>\n<p><b>.\u00a0<\/b>S\u1eed d\u1ee5ng \u0111\u01b0\u1ee3c cho nhi\u1ec1u lo\u1ea1i v\u1eadt li\u1ec7u n\u1ec1n kh\u00e1c nhau nh\u01b0 b\u00ea t\u00f4ng v\u00f5ng, b\u00ea t\u00f4ng kh\u00f4ng v\u00f5ng, \u0111\u00e1 t\u1ef1 nhi\u00ean,&#8230;<\/p>\n<p><b>.\u00a0<\/b>Hai th\u00e0nh ph\u1ea7n h\u00f3a ch\u1ea5t c\u1ee7a tu\u00fdp keo \u0111\u01b0\u1ee3c \u0111\u00f3ng trong hai \u1ed1ng nh\u1ef1a tr\u00f2n l\u1ed3ng v\u00e0o nhau v\u00e0 \u0111\u1ed3ng tr\u1ee5c gi\u00fap vi\u1ec7c b\u01a1m keo d\u1ec5 d\u00e0ng, thu\u1eadn ti\u1ec7n.<\/p>\n<p><b>.\u00a0<\/b>Ph\u00f9 h\u1ee3p v\u1edbi nhi\u1ec1u lo\u1ea1i l\u1ed7 khoan nh\u01b0: L\u1ed7 khoan b\u00faa, l\u1ed7 khoan \u1ed1ng, l\u1ed7 khoan c\u00f3 \u0111\u01b0\u1eddng k\u00ednh l\u1edbn, l\u1ed7 \u0111\u1ee9ng, l\u1ed7 ngang, l\u1ed7 ng\u01b0\u1ee3c tr\u1ea7n.<\/p>\n<p><b>.\u00a0<\/b>Ph\u00f9 h\u1ee3p v\u1edbi nh\u1eefng \u1ee9ng d\u1ee5ng c\u00f3 t\u1ea3i tr\u1ecdng t\u0129nh, \u0111\u1ed9ng ,s\u1ed1c .<\/p>\n<p><b>.\u00a0<\/b>Thi c\u00f4ng \u0111\u01b0\u1ee3c v\u1edbi l\u1ed7 khoan c\u00f3 \u0111i\u1ec1u ki\u1ec7n kh\u00f4 r\u00e1o, \u1ea9m \u01b0\u1edbt ho\u1eb7c ng\u1eadp n\u01b0\u1edbc.<\/p>\n<p><b>.\u00a0<\/b>Keo c\u00f3 th\u1eddi gian \u0111\u00f4ng c\u1ee9ng nhanh n\u00ean ti\u1ebft ki\u1ec7m \u0111\u01b0\u1ee3c th\u1eddi gian thi c\u00f4ng.<\/p>\n<p><b>.\u00a0<\/b>S\u1ea3n ph\u1ea9m c\u00f3 th\u1eddi gian s\u1eed d\u1ee5ng l\u00ean \u0111\u1ebfn 100 n\u0103m, kh\u00f4ng g\u00e2y \u00f4 nhi\u1ec5m m\u00f4i tr\u01b0\u1eddng v\u00e0 an to\u00e0n cho ng\u01b0\u1eddi s\u1eed d\u1ee5ng.<\/p>\n<p><b>.\u00a0<\/b>Ramset Epcon G5 Pro \u0111\u01b0\u1ee3c \u0111\u1ecbnh h\u00ecnh s\u1eb5n n\u00ean d\u1ec5 thi c\u00f4ng, d\u1ec5 v\u1eadn chuy\u1ec3n v\u00e0 c\u00f3 th\u1ec3 \u0111\u1eady n\u1eafp \u0111\u1ec3 s\u1eed d\u1ee5ng cho nh\u1eefng l\u1ea7n sau n\u1ebfu ch\u01b0a d\u00f9ng h\u1ebft.<\/p>\n<figure id=\"attachment_470\" aria-describedby=\"caption-attachment-470\" style=\"width: 500px\" class=\"wp-caption aligncenter\"><img loading=\"lazy\" decoding=\"async\" class=\"size-full wp-image-470\" src=\"https:\/\/demo9.thuythu.vn\/aduong\/wp-content\/uploads\/2024\/11\/keo_ramset_pro.jpg\" alt=\"keo ramset Epcon G5 Pro\" width=\"500\" height=\"400\" \/><figcaption id=\"caption-attachment-470\" class=\"wp-caption-text\">keo ramset Epcon G5 Pro<\/figcaption><\/figure>\n<h3><b>H\u01b0\u1edbng D\u1eabn Thi C\u00f4ng V\u1edbi Keo Ramset Epcon G5 Pro<\/b><\/h3>\n<p><b>.<\/b>\u00a0C\u1ea1y m\u1edf n\u1eafp h\u1ed9p keo Ramset Epcon G5 Pro, sau \u0111\u00f3 l\u1eafp v\u00f2i b\u01a1m v\u00e0o h\u1ed9p keo v\u00e0 cho v\u00e0o s\u00fang b\u1eafn keo Ramset.<\/p>\n<p><b>.<\/b>\u00a0B\u01a1m b\u1ecf m\u1ed9t l\u01b0\u1ee3ng nh\u1ecf keo \u0111\u1ea7u cho t\u1edbi khi h\u1ed7n h\u1ee3p hai th\u00e0nh \u0111\u01b0\u1ee3c tr\u1ed9n \u0111\u1ec1u.<\/p>\n<p><b>.<\/b>\u00a0Di chuy\u1ec3n b\u01a1m t\u1edbi c\u00e1c l\u1ed7 khoan, v\u1eeba b\u01a1m keo v\u1eeba r\u00fat ra d\u1ea7n v\u1edbi m\u1ed9t l\u01b0\u1ee3ng keo v\u1eeba \u0111\u1ee7 sao cho khi c\u1ea5y th\u00e9p ho\u1eb7c bu l\u00f4ng v\u00e0o th\u00ec keo ph\u1ea3i l\u1ea5p \u0111\u1ea7y l\u1ed7 khoan.<\/p>\n<p><b>.<\/b>\u00a0Cho th\u00e9p, bu l\u00f4ng v\u00e0o l\u1ed7 khoan. V\u1eeba \u1ea5n v\u1eeba xoay cho t\u1edbi \u0111\u00e1y l\u1ed7 khoan.<\/p>\n<p><b>.<\/b>\u00a0\u0110\u1ea3m b\u1ea3o keo Ramset hai th\u00e0nh ph\u1ea7n tr\u00e0n \u0111\u1ec1u ra ngo\u00e0i l\u1ed7 khoan.<\/p>\n<p><b>*\u00a0<\/b>L\u01b0u \u00fd:<\/p>\n<p>1) Khoan l\u1ed7 khoan v\u1edbi \u0111\u01b0\u1eddng k\u00ednh v\u00e0 \u0111\u1ed9 s\u00e2u \u0111\u00fang theo y\u00eau c\u1ea7u k\u1ef9 thu\u1eadt c\u1ee7a t\u1eebng lo\u1ea1i c\u1ed1t th\u00e9p c\u1ea7n b\u1ed5 sung.<\/p>\n<p>2) V\u00ec qu\u00e1 tr\u00ecnh thi c\u00f4ng b\u01a1m keo v\u1edbi s\u00fang b\u1eafn keo d\u1ec5 d\u00e0ng v\u00e0 nhanh ch\u00f3ng b\u00ean c\u1ea1nh \u0111\u00f3 keo c\u00f3 th\u1eddi gian \u0111\u00f4ng k\u1ebft nhanh v\u1eady n\u00ean c\u1ea7n khoan \u0111\u1ed3ng lo\u1ea1t tr\u01b0\u1edbc khi b\u1eaft \u0111\u1ea7u b\u01a1m keo.<\/p>\n<p>3)C\u1ea7n v\u1ec7 sinh l\u1ed7 khoan b\u1eb1ng ch\u1ed5i kim lo\u1ea1i, m\u00e1y h\u00fat bui,&#8230; \u0111\u1ec3 c\u00e1c m\u00fai c\u1ea5y kim lo\u1ea1i \u0111\u1ea1t ch\u1ea5t l\u01b0\u1ee3ng t\u1ed1t nh\u1ea5t.<\/p>\n<h4><b>\u0110\u1ecba Ch\u1ec9 Mua Keo Ramset Epcon G5 Pro Ch\u00ednh H\u00e3ng, Gi\u00e1 T\u1ed1t<\/b><\/h4>\n<p><b>\u00a0BURO<\/b>\u00a0t\u1ef1 h\u00e0o l\u00e0 \u0111\u01a1n v\u1ecb cung c\u1ea5p h\u00e0ng ch\u00ednh h\u00e3ng, ch\u1ea5t l\u01b0\u1ee3ng v\u1edbi gi\u00e1 t\u1ed1t nh\u1ea5t th\u1ecb tr\u01b0\u1eddng. Lu\u00f4n \u0111\u00e1p \u1ee9ng m\u1ecdi y\u00eau c\u1ea7u c\u1ee7a qu\u00fd kh\u00e1ch h\u00e0ng m\u1ed9t c\u00e1ch nhanh ch\u00f3ng v\u00e0 ti\u1ec7n l\u1ee3i. Qu\u00fd kh\u00e1ch h\u00e0ng mua keo Ramset Epcon G5 Pro<b>\u00a0<\/b>c\u00f3 th\u1ec3 \u0111\u1ebfn tr\u1ef1c ti\u1ebfp t\u1ea1i tr\u1ee5 s\u1edf ho\u1eb7c li\u00ean h\u1ec7 \u0111\u1ec3 \u0111\u01b0\u1ee3c t\u01b0 v\u1ea5n v\u00e0 \u0111\u1eb7t h\u00e0ng.<\/p>\n<figure id=\"attachment_469\" aria-describedby=\"caption-attachment-469\" style=\"width: 600px\" class=\"wp-caption aligncenter\"><img loading=\"lazy\" decoding=\"async\" class=\"size-full wp-image-469\" src=\"https:\/\/demo9.thuythu.vn\/aduong\/wp-content\/uploads\/2024\/11\/lien_he_mua_hang.jpg\" alt=\"Li\u00ean h\u1ec7 \u0111\u1ec3 \u0111\u01b0\u1ee3c t\u01b0 v\u1ea5n v\u00e0 \u0111\u1eb7t h\u00e0ng\" width=\"600\" height=\"300\" srcset=\"https:\/\/demo9.thuythu.vn\/aduong\/wp-content\/uploads\/2024\/11\/lien_he_mua_hang.jpg 600w, https:\/\/demo9.thuythu.vn\/aduong\/wp-content\/uploads\/2024\/11\/lien_he_mua_hang-510x255.jpg 510w\" sizes=\"(max-width: 600px) 100vw, 600px\" \/><figcaption id=\"caption-attachment-469\" class=\"wp-caption-text\">Li\u00ean h\u1ec7 \u0111\u1ec3 \u0111\u01b0\u1ee3c t\u01b0 v\u1ea5n v\u00e0 \u0111\u1eb7t h\u00e0ng<\/figcaption><\/figure>\n<\/div>\n","protected":false},"excerpt":{"rendered":"<p>Keo Ramset Epcon G5 Pro c\u00f2n c\u00f3 c\u00e1c t\u00ean g\u1ecdi kh\u00e1c nh\u01b0 keo c\u1ea5y th\u00e9p Ramset Epcon G5 Pro, keo Ramset hai th\u00e0nh ph\u1ea7n,&#8230; l\u00e0 lo\u1ea1i keo g\u1ed1c Epoxy hai th\u00e0nh ph\u1ea7n c\u01b0\u1eddng \u0111\u1ed9 cao, \u0111\u00f4ng c\u1ee9ng nhanh v\u00e0 ch\u1ecbu \u0111\u01b0\u1ee3c s\u1ef1 rung \u0111\u1ed9ng. S\u1ea3n ph\u1ea9m \u0111\u01b0\u1ee3c d\u00f9ng \u0111\u1ec3 neo c\u1ea5y th\u00e9p, thanh ren, bu l\u00f4ng ch\u1edd v\u00e0o c\u00e1c lo\u1ea1i v\u1eadt li\u1ec7u n\u1ec1n nh\u01b0 b\u00ea t\u00f4ng, \u0111\u00e1 t\u1ef1 nhi\u00ean v\u00e0 m\u1ed9t s\u1ed1 v\u1eadt li\u1ec7u \u0111\u1eb7c bi\u1ec7t kh\u00e1c.<\/p>\n","protected":false},"featured_media":519,"comment_status":"open","ping_status":"closed","template":"","meta":{"_acf_changed":false,"rank_math_lock_modified_date":false,"inline_featured_image":false},"product_cat":[15,96,104,97,98,99,100,101,102,103,105,108,109],"product_tag":[],"class_list":{"0":"post-506","1":"product","2":"type-product","3":"status-publish","4":"has-post-thumbnail","6":"product-brand-bosch","7":"product-brand-3b","8":"product-brand-stihl","9":"product-brand-total","10":"product-brand-fiberglass-mesh","11":"product-brand-tck","12":"product-brand-chenglong","13":"product-brand-shenglong","14":"product-brand-hyperstop","15":"product-brand-sika","16":"product-brand-lmax","17":"product-brand-maxseal","18":"product_cat-may-bom-keo","19":"product_cat-thanh-truong-no","20":"product_cat-keo-pu-epoxy","21":"product_cat-luoi-thuy-tinh","22":"product_cat-keo-suzo","23":"product_cat-kim-bom-keo","24":"product_cat-sung-ban-keo","25":"product_cat-keo-chong-tham","26":"product_cat-may-thi-cong-cam-tay","27":"product_cat-keo-tram-tret","28":"product_cat-keo-dan-gach","29":"product_cat-vat-tu-thi-cong","30":"product_cat-phu-kien-may","32":"first","33":"instock","34":"sale","35":"shipping-taxable","36":"purchasable","37":"product-type-simple"},"acf":[],"_links":{"self":[{"href":"https:\/\/demo9.thuythu.vn\/aduong\/wp-json\/wp\/v2\/product\/506"}],"collection":[{"href":"https:\/\/demo9.thuythu.vn\/aduong\/wp-json\/wp\/v2\/product"}],"about":[{"href":"https:\/\/demo9.thuythu.vn\/aduong\/wp-json\/wp\/v2\/types\/product"}],"replies":[{"embeddable":true,"href":"https:\/\/demo9.thuythu.vn\/aduong\/wp-json\/wp\/v2\/comments?post=506"}],"wp:featuredmedia":[{"embeddable":true,"href":"https:\/\/demo9.thuythu.vn\/aduong\/wp-json\/wp\/v2\/media\/519"}],"wp:attachment":[{"href":"https:\/\/demo9.thuythu.vn\/aduong\/wp-json\/wp\/v2\/media?parent=506"}],"wp:term":[{"taxonomy":"product_cat","embeddable":true,"href":"https:\/\/demo9.thuythu.vn\/aduong\/wp-json\/wp\/v2\/product_cat?post=506"},{"taxonomy":"product_tag","embeddable":true,"href":"https:\/\/demo9.thuythu.vn\/aduong\/wp-json\/wp\/v2\/product_tag?post=506"}],"curies":[{"name":"wp","href":"https:\/\/api.w.org\/{rel}","templated":true}]}}